{"id":9,"date":"2011-07-14T19:46:13","date_gmt":"2011-07-14T19:46:13","guid":{"rendered":"http:\/\/tehlikedekidiller.com\/?page_id=9"},"modified":"2013-01-13T21:50:22","modified_gmt":"2013-01-13T19:50:22","slug":"ttdlistesi","status":"publish","type":"page","link":"https:\/\/tehlikedekidiller.com\/?page_id=9","title":{"rendered":"Tehlikedeki T\u00fcrk Dilleri Listesi"},"content":{"rendered":"<p><a href=\"https:\/\/tehlikedekidiller.com\/wp-content\/uploads\/fotolar1.png\"><img loading=\"lazy\" decoding=\"async\" class=\"size-full wp-image-1226 alignright\" title=\"fotolar\" src=\"https:\/\/tehlikedekidiller.com\/wp-content\/uploads\/fotolar1.png\" alt=\"\" width=\"445\" height=\"1197\" srcset=\"https:\/\/tehlikedekidiller.com\/wp-content\/uploads\/fotolar1.png 445w, https:\/\/tehlikedekidiller.com\/wp-content\/uploads\/fotolar1-111x300.png 111w\" sizes=\"auto, (max-width: 445px) 100vw, 445px\" \/><\/a><\/p>\n<p><img loading=\"lazy\" decoding=\"async\" width=\"236\" height=\"41\" class=\"alignleft  wp-image-1006\" title=\"risk-altinda\" src=\"https:\/\/tehlikedekidiller.com\/wp-content\/uploads\/risk-altinda.jpg\" alt=\"\" \/><br \/>\n&nbsp;<br \/>\n&nbsp;<br \/>\n&nbsp;<br \/>\n<span style=\"color: #92d051;\">\u2022 Ah\u0131ska T\u00fcrk\u00e7esi<br \/>\n<span style=\"color: #92d051;\">\u2022 Ba\u015fkurt\u00e7a<br \/>\n<\/span><span style=\"color: #92d051;\">\u2022 \u00c7uva\u015f\u00e7a<br \/>\n<\/span><span style=\"color: #92d051;\">\u2022 Hakas\u00e7a<br \/>\n<\/span><span style=\"color: #92d051;\">\u2022 K\u0131r\u0131m Tatarcas\u0131<br \/>\n<\/span><span style=\"color: #92d051;\">\u2022 Nogayca<br \/>\n<\/span><span style=\"color: #92d051;\">\u2022 Tuvaca<br \/>\n<\/span><span style=\"color: #92d051;\">\u2022 Yakut\u00e7a<\/span><\/span><\/p>\n<p><img loading=\"lazy\" decoding=\"async\" width=\"236\" height=\"41\" class=\"alignleft  wp-image-1017\" title=\"kritik-esikte\" src=\"https:\/\/tehlikedekidiller.com\/wp-content\/uploads\/kritik-esikte.jpg\" alt=\"\" \/><br \/>\n&nbsp;<br \/>\n&nbsp;<br \/>\n&nbsp;<br \/>\n<span style=\"color: #ffc000;\">\u2022 Af\u015far Dili<br \/>\n<\/span><span style=\"color: #ffc000;\">\u2022 \u00c7alkanca<br \/>\n<\/span><span style=\"color: #ffc000;\">\u2022 Dolganca<br \/>\n<\/span><span style=\"color: #ffc000;\">\u2022 Gagauzca<br \/>\n<\/span><span style=\"color: #ffc000;\">\u2022 Hala\u00e7\u00e7a<br \/>\n<\/span><span style=\"color: #ffc000;\">\u2022 Kumand\u0131 T\u00fcrk\u00e7esi<br \/>\n<\/span><span style=\"color: #ffc000;\">\u2022 Pamir K\u0131rg\u0131zcas\u0131<br \/>\n<\/span><span style=\"color: #ffc000;\">\u2022 Sibirya Tatarcas\u0131<br \/>\n<\/span><span style=\"color: #ffc000;\">\u2022 \u015eorca<br \/>\n<\/span><span style=\"color: #ffc000;\">\u2022 Telengit\u00e7e<br \/>\n<\/span><span style=\"color: #ffc000;\">\u2022 Tele\u00fct\u00e7e<br \/>\n<\/span><span style=\"color: #ffc000;\">\u2022 Tofaca<br \/>\n<\/span><span style=\"color: #ffc000;\">\u2022 Tuba Dili<\/span><\/p>\n<p><img loading=\"lazy\" decoding=\"async\" width=\"236\" height=\"41\" class=\"alignleft  wp-image-1022\" title=\"olum-derecesinde\" src=\"https:\/\/tehlikedekidiller.com\/wp-content\/uploads\/olum-derecesinde.jpg\" alt=\"\" \/><br \/>\n&nbsp;<br \/>\n&nbsp;<br \/>\n&nbsp;<br \/>\n<span style=\"color: #c0504e;\">\u2022 \u00c7ul\u0131m T\u00fcrk\u00e7esi<br \/>\n<\/span><span style=\"color: #c0504e;\">\u2022 Day\u0131 Dili<br \/>\n<\/span><span style=\"color: #c0504e;\">\u2022 Duha Dili<br \/>\n<\/span><span style=\"color: #c0504e;\">\u2022 Horasan T\u00fcrk\u00e7esi<br \/>\n<\/span><span style=\"color: #c0504e;\">\u2022 Fu-y\u00fc K\u0131rg\u0131zcas\u0131<br \/>\n<\/span><span style=\"color: #c0504e;\">\u2022 K\u0131r\u0131m\u00e7ak\u00e7a<br \/>\n<\/span><span style=\"color: #c0504e;\">\u2022 Karayca<br \/>\n<\/span><span style=\"color: #c0504e;\">\u2022 Lopnor T\u00fcrk\u00e7esi<br \/>\n<\/span><span style=\"color: #c0504e;\">\u2022 Salarca<br \/>\n<\/span><span style=\"color: #c0504e;\">\u2022 Sar\u0131 Uygurca<br \/>\n<\/span><span style=\"color: #c0504e;\">\u2022 Sungur T\u00fcrk\u00e7esi<br \/>\n<\/span><span style=\"color: #c0504e;\">\u2022 Truhmence<br \/>\n<\/span><span style=\"color: #c0504e;\">\u2022 Urumca<\/span><\/p>\n<p><img loading=\"lazy\" decoding=\"async\" width=\"236\" height=\"41\" class=\"alignleft  wp-image-1024\" title=\"olu\" src=\"https:\/\/tehlikedekidiller.com\/wp-content\/uploads\/olu.jpg\" alt=\"\" \/><br \/>\n&nbsp;<br \/>\n&nbsp;<br \/>\n&nbsp;<br \/>\n<span style=\"color: #8165a2;\">\u2022 Kumanca<br \/>\n<\/span><span style=\"color: #8165a2;\">\u2022 Soyot\u00e7a<\/span><br \/>\n&nbsp;<br \/>\n&nbsp;<br \/>\n\u0130sa Sar\u0131<br \/>\nFoto\u011fraflar:<br \/>\nElisabetta Ragagnin \u00a9<br \/>\nAhat Salihov \u00a9<\/p>\n","protected":false},"excerpt":{"rendered":"<p>&nbsp; &nbsp; &nbsp; \u2022 Ah\u0131ska T\u00fcrk\u00e7esi \u2022 Ba\u015fkurt\u00e7a \u2022 \u00c7uva\u015f\u00e7a \u2022 Hakas\u00e7a \u2022 K\u0131r\u0131m Tatarcas\u0131 \u2022 Nogayca \u2022 Tuvaca \u2022 Yakut\u00e7a &nbsp; &nbsp; &nbsp; \u2022 Af\u015far Dili \u2022 \u00c7alkanca \u2022 Dolganca \u2022 Gagauzca \u2022 Hala\u00e7\u00e7a \u2022 Kumand\u0131 T\u00fcrk\u00e7esi \u2022 Pamir K\u0131rg\u0131zcas\u0131 \u2022 Sibirya Tatarcas\u0131 \u2022 \u015eorca \u2022 Telengit\u00e7e \u2022 Tele\u00fct\u00e7e \u2022 Tofaca \u2022 Tuba Dili &nbsp; &nbsp; &nbsp; \u2022 \u00c7ul\u0131m T\u00fcrk\u00e7esi \u2022 Day\u0131 Dili \u2022 Duha Dili \u2022 Horasan T\u00fcrk\u00e7esi \u2022 Fu-y\u00fc K\u0131rg\u0131zcas\u0131 \u2022 K\u0131r\u0131m\u00e7ak\u00e7a \u2022 Karayca \u2022 Lopnor T\u00fcrk\u00e7esi \u2022 Salarca \u2022 Sar\u0131 Uygurca \u2022 Sungur T\u00fcrk\u00e7esi \u2022 Truhmence \u2022 Urumca &nbsp; &nbsp; &nbsp; \u2022 Kumanca \u2022 Soyot\u00e7a &nbsp;&nbsp;<a href=\"https:\/\/tehlikedekidiller.com\/?page_id=9\" class=\"read-more\">Okumaya devam et<\/a><\/p>\n","protected":false},"author":1,"featured_media":0,"parent":0,"menu_order":2,"comment_status":"open","ping_status":"open","template":"page-fullwidth.php","meta":{"footnotes":""},"class_list":["post-9","page","type-page","status-publish","hentry"],"_links":{"self":[{"href":"https:\/\/tehlikedekidiller.com\/index.php?rest_route=\/wp\/v2\/pages\/9","targetHints":{"allow":["GET"]}}],"collection":[{"href":"https:\/\/tehlikedekidiller.com\/index.php?rest_route=\/wp\/v2\/pages"}],"about":[{"href":"https:\/\/tehlikedekidiller.com\/index.php?rest_route=\/wp\/v2\/types\/page"}],"author":[{"embeddable":true,"href":"https:\/\/tehlikedekidiller.com\/index.php?rest_route=\/wp\/v2\/users\/1"}],"replies":[{"embeddable":true,"href":"https:\/\/tehlikedekidiller.com\/index.php?rest_route=%2Fwp%2Fv2%2Fcomments&post=9"}],"version-history":[{"count":76,"href":"https:\/\/tehlikedekidiller.com\/index.php?rest_route=\/wp\/v2\/pages\/9\/revisions"}],"predecessor-version":[{"id":629,"href":"https:\/\/tehlikedekidiller.com\/index.php?rest_route=\/wp\/v2\/pages\/9\/revisions\/629"}],"wp:attachment":[{"href":"https:\/\/tehlikedekidiller.com\/index.php?rest_route=%2Fwp%2Fv2%2Fmedia&parent=9"}],"curies":[{"name":"wp","href":"https:\/\/api.w.org\/{rel}","templated":true}]}}