{"id":895,"date":"2012-10-22T00:09:12","date_gmt":"2012-10-21T21:09:12","guid":{"rendered":"http:\/\/tehlikedekidiller.com\/?page_id=895"},"modified":"2020-04-27T08:52:19","modified_gmt":"2020-04-27T05:52:19","slug":"muzik","status":"publish","type":"page","link":"https:\/\/tehlikedekidiller.com\/?page_id=895","title":{"rendered":"M\u00fczik"},"content":{"rendered":"<p>\u00a9 SON SESLER | Ludmila Tukan &#8211; 01\u00a0<a href=\"https:\/\/tehlikedekidiller.com\/wp-content\/uploads\/SON_SESLER-Ludmila-Tukan01.mp3\"><img decoding=\"async\" src=\"https:\/\/tehlikedekidiller.com\/wp-content\/uploads\/mp3.png\" alt=\"\" width=\"27 height=\" \/><\/a><\/p>\n<p>\u00a9 SON SESLER | Ludmila Tukan &#8211; 02\u00a0<a href=\"https:\/\/tehlikedekidiller.com\/wp-content\/uploads\/SON_SESLER-Ludmila-Tukan02.mp3\"><img decoding=\"async\" src=\"https:\/\/tehlikedekidiller.com\/wp-content\/uploads\/mp3.png\" alt=\"\" width=\"27 height=\" \/><\/a><\/p>\n<p>\u00a9 SON SESLER | Ludmila Tukan &#8211; 03\u00a0<a href=\"https:\/\/tehlikedekidiller.com\/wp-content\/uploads\/SON_SESLER-Ludmila-Tukan03.mp3\"><img decoding=\"async\" src=\"https:\/\/tehlikedekidiller.com\/wp-content\/uploads\/mp3.png\" alt=\"\" width=\"27 height=\" \/><\/a><\/p>\n<p>\u00a9 SON SESLER | Ludmila Tukan &#8211; 04\u00a0<a href=\"https:\/\/tehlikedekidiller.com\/wp-content\/uploads\/SON_SESLER-Ludmila-Tukan04.mp3\"><img decoding=\"async\" src=\"https:\/\/tehlikedekidiller.com\/wp-content\/uploads\/mp3.png\" alt=\"\" width=\"27 height=\" \/><\/a><\/p>\n<p>\u00a9 SON SESLER | Ludmila Tukan &#8211; 05\u00a0<a href=\"https:\/\/tehlikedekidiller.com\/wp-content\/uploads\/SON_SESLER-Ludmila-Tukan05.mp3\"><img decoding=\"async\" src=\"https:\/\/tehlikedekidiller.com\/wp-content\/uploads\/mp3.png\" alt=\"\" width=\"27 height=\" \/><\/a><\/p>\n<p>\u00a9 SON SESLER | Ludmila Tukan &#8211; 06\u00a0<a href=\"https:\/\/tehlikedekidiller.com\/wp-content\/uploads\/SON_SESLER-Ludmila-Tukan06.mp3\"><img decoding=\"async\" src=\"https:\/\/tehlikedekidiller.com\/wp-content\/uploads\/mp3.png\" alt=\"\" width=\"27 height=\" \/><\/a><\/p>\n<p>\u00a9 SON SESLER | Ludmila Tukan &#8211; 07\u00a0<a href=\"https:\/\/tehlikedekidiller.com\/wp-content\/uploads\/SON_SESLER-Ludmila-Tukan07.mp3\"><img decoding=\"async\" src=\"https:\/\/tehlikedekidiller.com\/wp-content\/uploads\/mp3.png\" alt=\"\" width=\"27 height=\" \/><\/a><\/p>\n<p>\u00a9 SON SESLER | Ludmila Tukan &#8211; 08\u00a0<a href=\"https:\/\/tehlikedekidiller.com\/wp-content\/uploads\/SON_SESLER-Ludmila-Tukan08.mp3\"><img decoding=\"async\" src=\"https:\/\/tehlikedekidiller.com\/wp-content\/uploads\/mp3.png\" alt=\"\" width=\"27 height=\" \/><\/a><\/p>\n<p>\u00a9 SON SESLER | Ludmila Tukan &#8211; 09\u00a0<a href=\"https:\/\/tehlikedekidiller.com\/wp-content\/uploads\/SON_SESLER-Ludmila-Tukan09.mp3\"><img decoding=\"async\" src=\"https:\/\/tehlikedekidiller.com\/wp-content\/uploads\/mp3.png\" alt=\"\" width=\"27 height=\" \/><\/a><\/p>\n<p>\u00a9 SON SESLER | Ludmila Tukan &#8211; 10\u00a0<a href=\"https:\/\/tehlikedekidiller.com\/wp-content\/uploads\/SON_SESLER-Ludmila-Tukan10.mp3\"><img decoding=\"async\" src=\"https:\/\/tehlikedekidiller.com\/wp-content\/uploads\/mp3.png\" alt=\"\" width=\"27 height=\" \/><\/a><\/p>\n<p>\u00a9 SON SESLER | Ludmila Tukan &#8211; 11\u00a0<a href=\"https:\/\/tehlikedekidiller.com\/wp-content\/uploads\/SON_SESLER-Ludmila-Tukan11.mp3\"><img decoding=\"async\" src=\"https:\/\/tehlikedekidiller.com\/wp-content\/uploads\/mp3.png\" alt=\"\" width=\"27 height=\" \/><\/a><\/p>\n<p>\u00a9 SON SESLER | Ludmila Tukan &#8211; 12\u00a0<a href=\"https:\/\/tehlikedekidiller.com\/wp-content\/uploads\/SON_SESLER-Ludmila-Tukan12.mp3\"><img decoding=\"async\" src=\"https:\/\/tehlikedekidiller.com\/wp-content\/uploads\/mp3.png\" alt=\"\" width=\"27 height=\" \/><\/a><\/p>\n<p>\u00a9 SON SESLER | Ludmila Tukan &#8211; 13\u00a0<a href=\"https:\/\/tehlikedekidiller.com\/wp-content\/uploads\/SON_SESLER-Ludmila-Tukan13.mp3\"><img decoding=\"async\" src=\"https:\/\/tehlikedekidiller.com\/wp-content\/uploads\/mp3.png\" alt=\"\" width=\"27 height=\" \/><\/a><\/p>\n<p>\u00a9 SON SESLER | Ludmila Tukan &#8211; 14\u00a0<a href=\"https:\/\/tehlikedekidiller.com\/wp-content\/uploads\/SON_SESLER-Ludmila-Tukan14.mp3\"><img decoding=\"async\" src=\"https:\/\/tehlikedekidiller.com\/wp-content\/uploads\/mp3.png\" alt=\"\" width=\"27 height=\" \/><\/a><\/p>\n<p>\u00a9 SON SESLER | Ludmila Tukan &#8211; 15\u00a0<a href=\"https:\/\/tehlikedekidiller.com\/wp-content\/uploads\/SON_SESLER-Ludmila-Tukan15.mp3\"><img decoding=\"async\" src=\"https:\/\/tehlikedekidiller.com\/wp-content\/uploads\/mp3.png\" alt=\"\" width=\"27 height=\" \/><\/a><\/p>\n<p>Bend\u00e4 Var Bir Vatan (I Have One Homeland)<br \/>\nS\u00f6z: Todur Zanet<br \/>\nBeste: Mircea Gutu<br \/>\nSeslendiren: Ludmila Tukan<br \/>\nTarih: 30 Eyl\u00fcl 2013<br \/>\nYer: Gagauz Yeri, Moldova<\/p>\n<p><a href=\"https:\/\/tehlikedekidiller.com\/wp-content\/uploads\/Ludmilla-Tukan_Bende-Var-Bir-Vatan.mp3\"><img decoding=\"async\" src=\"https:\/\/tehlikedekidiller.com\/wp-content\/uploads\/mp3.png\" alt=\"\" width=\"27 height=\" \/><\/a><\/p>\n<p>Birelmani (Karaim)<br \/>\nS\u00f6z: Anonim<br \/>\nM\u00fczik: Andrius Mamontovas<br \/>\nSeslendiren: Viktorija Juchneviciute<\/p>\n<p><a href=\"https:\/\/tehlikedekidiller.com\/sesler\/1.mp3\"><img decoding=\"async\" src=\"https:\/\/tehlikedekidiller.com\/wp-content\/uploads\/mp3.png\" alt=\"\" width=\"27 height=\" \/><\/a><\/p>\n<p>Es te, ep te (\u00c7uva\u015f)<br \/>\nS\u00f6z-M\u00fczik: Dipendra Mani<br \/>\nSeslendiren: Dipendra Mani<\/p>\n<p><a href=\"https:\/\/tehlikedekidiller.com\/sesler\/2.mp3\"><img decoding=\"async\" src=\"https:\/\/tehlikedekidiller.com\/wp-content\/uploads\/mp3.png\" alt=\"\" width=\"27 height=\" \/><\/a><\/p>\n<p>Sah\u0131\u015flar (Karaim)<br \/>\nKay\u0131t: \u00c9v\u00e1 A. Csat\u00f3<\/p>\n<p><a href=\"https:\/\/tehlikedekidiller.com\/sesler\/3.mp3\"><img decoding=\"async\" src=\"https:\/\/tehlikedekidiller.com\/wp-content\/uploads\/mp3.png\" alt=\"\" width=\"27 height=\" \/><\/a><\/p>\n","protected":false},"excerpt":{"rendered":"<p>\u00a9 SON SESLER | Ludmila Tukan &#8211; 01\u00a0 \u00a9 SON SESLER | Ludmila Tukan &#8211; 02\u00a0 \u00a9 SON SESLER | Ludmila Tukan &#8211; 03\u00a0 \u00a9 SON SESLER | Ludmila Tukan &#8211; 04\u00a0 \u00a9 SON SESLER | Ludmila Tukan &#8211; 05\u00a0 \u00a9 SON SESLER | Ludmila Tukan &#8211; 06\u00a0 \u00a9 SON SESLER | Ludmila Tukan &#8211; 07\u00a0 \u00a9 SON SESLER | Ludmila Tukan &#8211; 08\u00a0 \u00a9 SON SESLER | Ludmila Tukan &#8211; 09\u00a0 \u00a9 SON SESLER | Ludmila Tukan &#8211; 10\u00a0 \u00a9 SON SESLER | Ludmila Tukan &#8211; 11\u00a0 \u00a9 SON SESLER | Ludmila Tukan &#8211; 12\u00a0 \u00a9 SON SESLER |&nbsp;<a href=\"https:\/\/tehlikedekidiller.com\/?page_id=895\" class=\"read-more\">Okumaya devam et<\/a><\/p>\n","protected":false},"author":1,"featured_media":0,"parent":0,"menu_order":0,"comment_status":"closed","ping_status":"open","template":"page-fullwidth.php","meta":{"footnotes":""},"class_list":["post-895","page","type-page","status-publish","hentry"],"_links":{"self":[{"href":"https:\/\/tehlikedekidiller.com\/index.php?rest_route=\/wp\/v2\/pages\/895","targetHints":{"allow":["GET"]}}],"collection":[{"href":"https:\/\/tehlikedekidiller.com\/index.php?rest_route=\/wp\/v2\/pages"}],"about":[{"href":"https:\/\/tehlikedekidiller.com\/index.php?rest_route=\/wp\/v2\/types\/page"}],"author":[{"embeddable":true,"href":"https:\/\/tehlikedekidiller.com\/index.php?rest_route=\/wp\/v2\/users\/1"}],"replies":[{"embeddable":true,"href":"https:\/\/tehlikedekidiller.com\/index.php?rest_route=%2Fwp%2Fv2%2Fcomments&post=895"}],"version-history":[{"count":27,"href":"https:\/\/tehlikedekidiller.com\/index.php?rest_route=\/wp\/v2\/pages\/895\/revisions"}],"predecessor-version":[{"id":2064,"href":"https:\/\/tehlikedekidiller.com\/index.php?rest_route=\/wp\/v2\/pages\/895\/revisions\/2064"}],"wp:attachment":[{"href":"https:\/\/tehlikedekidiller.com\/index.php?rest_route=%2Fwp%2Fv2%2Fmedia&parent=895"}],"curies":[{"name":"wp","href":"https:\/\/api.w.org\/{rel}","templated":true}]}}