{"id":1808,"date":"2015-11-07T12:08:53","date_gmt":"2015-11-07T10:08:53","guid":{"rendered":"http:\/\/tehlikedekidiller.com\/?page_id=1808"},"modified":"2015-11-07T12:08:53","modified_gmt":"2015-11-07T10:08:53","slug":"kongaz-lisesine-todur-zanetin-adi-verildi-kongaz-high-school-named-after-todur-zanet","status":"publish","type":"page","link":"https:\/\/tehlikedekidiller.com\/?page_id=1808","title":{"rendered":"KONGAZ L\u0130SES\u0130\u2019NE TODUR ZANET\u2019\u0130N ADI VER\u0130LD\u0130 (KONGAZ HIGH SCHOOL NAMED AFTER TODUR ZANET)"},"content":{"rendered":"<p><iframe loading=\"lazy\" src=\"https:\/\/tehlikedekidiller.com\/wp-content\/uploads\/Edanur_Todur-Zanet-calisma.pdf\" frameborder=\"0\" width=\"540\" height=\"330\"><\/iframe><\/p>\n","protected":false},"excerpt":{"rendered":"","protected":false},"author":1,"featured_media":0,"parent":0,"menu_order":0,"comment_status":"closed","ping_status":"open","template":"","meta":{"footnotes":""},"class_list":["post-1808","page","type-page","status-publish","hentry"],"_links":{"self":[{"href":"https:\/\/tehlikedekidiller.com\/index.php?rest_route=\/wp\/v2\/pages\/1808","targetHints":{"allow":["GET"]}}],"collection":[{"href":"https:\/\/tehlikedekidiller.com\/index.php?rest_route=\/wp\/v2\/pages"}],"about":[{"href":"https:\/\/tehlikedekidiller.com\/index.php?rest_route=\/wp\/v2\/types\/page"}],"author":[{"embeddable":true,"href":"https:\/\/tehlikedekidiller.com\/index.php?rest_route=\/wp\/v2\/users\/1"}],"replies":[{"embeddable":true,"href":"https:\/\/tehlikedekidiller.com\/index.php?rest_route=%2Fwp%2Fv2%2Fcomments&post=1808"}],"version-history":[{"count":1,"href":"https:\/\/tehlikedekidiller.com\/index.php?rest_route=\/wp\/v2\/pages\/1808\/revisions"}],"predecessor-version":[{"id":1810,"href":"https:\/\/tehlikedekidiller.com\/index.php?rest_route=\/wp\/v2\/pages\/1808\/revisions\/1810"}],"wp:attachment":[{"href":"https:\/\/tehlikedekidiller.com\/index.php?rest_route=%2Fwp%2Fv2%2Fmedia&parent=1808"}],"curies":[{"name":"wp","href":"https:\/\/api.w.org\/{rel}","templated":true}]}}