{"id":1794,"date":"2015-09-19T13:31:46","date_gmt":"2015-09-19T10:31:46","guid":{"rendered":"http:\/\/tehlikedekidiller.com\/?page_id=1794"},"modified":"2015-09-19T13:31:46","modified_gmt":"2015-09-19T10:31:46","slug":"somut-olmayan-kulturel-mirasin-korunmasi-baglaminda-kirim-tatar-geleneksel-halk-kulturunun-tespiti-ve-incelenmesi-eskisehir-ornegi","status":"publish","type":"page","link":"https:\/\/tehlikedekidiller.com\/?page_id=1794","title":{"rendered":"Somut Olmayan K\u00fclt\u00fcrel Miras\u0131n Korunmas\u0131 Ba\u011flam\u0131nda K\u0131r\u0131m Tatar Geleneksel Halk K\u00fclt\u00fcr\u00fcn\u00fcn Tespiti ve \u0130ncelenmesi: Eski\u015fehir \u00d6rne\u011fi"},"content":{"rendered":"<p><iframe loading=\"lazy\" src=\"https:\/\/tehlikedekidiller.com\/wp-content\/uploads\/yildizli-proje-rapor.pdf\" frameborder=\"0\" width=\"540\" height=\"330\"><\/iframe><\/p>\n","protected":false},"excerpt":{"rendered":"","protected":false},"author":1,"featured_media":0,"parent":0,"menu_order":0,"comment_status":"closed","ping_status":"open","template":"","meta":{"footnotes":""},"class_list":["post-1794","page","type-page","status-publish","hentry"],"_links":{"self":[{"href":"https:\/\/tehlikedekidiller.com\/index.php?rest_route=\/wp\/v2\/pages\/1794","targetHints":{"allow":["GET"]}}],"collection":[{"href":"https:\/\/tehlikedekidiller.com\/index.php?rest_route=\/wp\/v2\/pages"}],"about":[{"href":"https:\/\/tehlikedekidiller.com\/index.php?rest_route=\/wp\/v2\/types\/page"}],"author":[{"embeddable":true,"href":"https:\/\/tehlikedekidiller.com\/index.php?rest_route=\/wp\/v2\/users\/1"}],"replies":[{"embeddable":true,"href":"https:\/\/tehlikedekidiller.com\/index.php?rest_route=%2Fwp%2Fv2%2Fcomments&post=1794"}],"version-history":[{"count":1,"href":"https:\/\/tehlikedekidiller.com\/index.php?rest_route=\/wp\/v2\/pages\/1794\/revisions"}],"predecessor-version":[{"id":1795,"href":"https:\/\/tehlikedekidiller.com\/index.php?rest_route=\/wp\/v2\/pages\/1794\/revisions\/1795"}],"wp:attachment":[{"href":"https:\/\/tehlikedekidiller.com\/index.php?rest_route=%2Fwp%2Fv2%2Fmedia&parent=1794"}],"curies":[{"name":"wp","href":"https:\/\/api.w.org\/{rel}","templated":true}]}}