{"id":1630,"date":"2014-01-02T16:16:34","date_gmt":"2014-01-02T14:16:34","guid":{"rendered":"http:\/\/tehlikedekidiller.com\/?page_id=1630"},"modified":"2014-01-02T16:16:34","modified_gmt":"2014-01-02T14:16:34","slug":"kazak-nogay-dostluk-gecesi","status":"publish","type":"page","link":"https:\/\/tehlikedekidiller.com\/?page_id=1630","title":{"rendered":"KAZAK &#8211; NOGAY DOSTLUK GECES\u0130"},"content":{"rendered":"<p><strong>KAZAK &#8211; NOGAY DOSTLUK GECES\u0130 <\/p>\n<p>Nur Sena Ta\u015f\u00e7\u0131 (Hacettepe \u00dcniversitesi \u00d6\u011frencisi)<\/strong><\/p>\n<p style=\"text-align: justify;\"><strong> <img loading=\"lazy\" decoding=\"async\" class=\"aligncenter size-full wp-image-1193\" title=\"w1\" src=\"https:\/\/tehlikedekidiller.com\/wp-content\/uploads\/w1.png\" alt=\"\" width=\"500\" height=\"375\" \/><\/strong><\/p>\n<p>22 Aral\u0131k Pazar ak\u015fam\u0131 Ankara -Korkut Ata Kongre Merkezi\u2019nde  ger\u00e7ekle\u015ftirilen Kazak-Nogay Dostluk Gecesi etkinli\u011finde T\u00fcrkiye\u2019de ya\u015fayan Kazak ve Nogay dostlar bir araya geldi.  Nogay T\u00fcrkleri K\u00fclt\u00fcr ve Dayan\u0131\u015fma Derne\u011fi, Kazakistan B\u00fcy\u00fckel\u00e7ili\u011fi, Etimesgut Belediyesi ve T\u00dcRKSOY i\u015fbirli\u011fiyle d\u00fczenlenen geceye ilgi olduk\u00e7a yo\u011fundu. <\/p>\n<p>Nogay T\u00fcrkleri K\u00fclt\u00fcr ve Yard\u0131mla\u015fma Derne\u011fi Genel Ba\u015fkan\u0131 Cemil S\u00dcTBA\u015e, Kazakistan Cumhuriyeti Ankara B\u00fcy\u00fckel\u00e7ili\u011fi Bas\u0131n ve Ticaret M\u00fc\u015faviri M\u00fc\u015faviri Askhat KESSIKBAYEV, T\u00dcRKSOY Genel Sekreteri D\u00fcsen KASE\u0130NOV ve di\u011fer protokol davetlilerinin konu\u015fmalar\u0131yla ba\u015flayan etkinlikte  Ahmet Yesevi \u00dcniversitesi sanat toplulu\u011funun \u00d6zbek, Kazak, T\u00fcrkmen dans ve m\u00fcziklerinden sunumlar\u0131 co\u015fkuyla izlendi. <\/p>\n<p style=\"text-align: justify;\"><strong> <img loading=\"lazy\" decoding=\"async\" class=\"aligncenter size-full wp-image-1193\" title=\"w2\" src=\"https:\/\/tehlikedekidiller.com\/wp-content\/uploads\/w2.png\" alt=\"\" width=\"500\" height=\"375\" \/><\/strong><\/p>\n<p><em>\u00d6zbek dans\u0131<\/em><\/p>\n<p>Gecede Dinmuhammed Kas\u0131mbek, Arayl\u0131m Gaipova, Meircan Jumamuratov ve Yelmira \u015eenduran\u2019\u0131n T\u00fcrk d\u00fcnyas\u0131ndan \u015fark\u0131lar seslendirdi\u011fi gecede ilgi \u00e7ekici performanslardan biri de Fayzulla Musayev\u2019in 100 y\u0131ll\u0131k  domb\u0131ras\u0131yla ger\u00e7ekle\u015ftirdi\u011fi birka\u00e7 par\u00e7al\u0131k mini konseri oldu. Musayev halihaz\u0131rda Da\u011f\u0131stan\u2019da ya\u015fayan bir sanat\u00e7\u0131. T\u00fcrkiye\u2019ye bu geceye kat\u0131lmak i\u00e7in ve ilk kez gelen Nogay m\u00fczisyen ile konser sonras\u0131 Tehlikedeki Diller Projesi ekibi k\u0131sac\u0131k bir de m\u00fclakat yapt\u0131. Bu m\u00fclakat esnas\u0131nda kendisi T\u00fcrkiye\u2019de ya\u015fayan Nogay karde\u015flerini hep duydu\u011funu ama ancak tan\u0131\u015fma f\u0131rsat\u0131 buldu\u011funu ifade ederek, bundan sonra daha s\u0131k g\u00f6r\u00fc\u015febilme temennisini dile getirdi. Babas\u0131ndan kalan ve y\u00fcz y\u0131ll\u0131k oldu\u011funu belirtti\u011fi domb\u0131ras\u0131 ile bir de do\u011fa\u00e7lama \u015fark\u0131 s\u00f6yledi (https:\/\/tehlikedekidiller.com\/videolar_FAIZULLAH MUSAEV2).<\/p>\n<p style=\"text-align: justify;\"><strong> <img loading=\"lazy\" decoding=\"async\" class=\"aligncenter size-full wp-image-1193\" title=\"w3\" src=\"https:\/\/tehlikedekidiller.com\/wp-content\/uploads\/w3.png\" alt=\"\" width=\"500\" height=\"375\" \/><\/strong><\/p>\n<p><em>Fayzulla Musayev ve 100 y\u0131ll\u0131k domb\u0131ras\u0131<\/em><\/p>\n<p>Yesevi Sanat Toplulu\u011fu i\u00e7inde yer alan gen\u00e7ler, Kazak\u00e7a ve Nogayca \u015fark\u0131larla geceye ayr\u0131 bir renk katt\u0131lar. Ayn\u0131 \u00fcniversitenin \u00f6\u011frencilerinden olu\u015fan bu topluluk, \u00f6\u011frenimleri yan\u0131 s\u0131ra sanat faaliyetlerindeki yeteneklerini de bu t\u00fcr etkinliklerde ortaya koyuyorlar.<\/p>\n<p style=\"text-align: justify;\"><strong> <img loading=\"lazy\" decoding=\"async\" class=\"aligncenter size-full wp-image-1193\" title=\"w4\" src=\"https:\/\/tehlikedekidiller.com\/wp-content\/uploads\/w4.png\" alt=\"\" width=\"500\" height=\"375\" \/><\/strong><\/p>\n<p>Gecede en b\u00fcy\u00fck alk\u0131\u015f\u0131 Nogay halk m\u00fczi\u011fi sanat\u00e7\u0131s\u0131 Arslanbek Sultanbekul\u0131 ald\u0131. T\u00fcrk d\u00fcnyas\u0131n\u0131n en \u00fcnl\u00fc sanat\u00e7\u0131lar\u0131 aras\u0131nda yer alan ve domb\u0131ray\u0131 d\u00fcnyaya tan\u0131tan usta m\u00fczisyenin etkinlikte sahne almas\u0131 b\u00fcy\u00fck co\u015fkuyla kar\u015f\u0131land\u0131. Daha \u00f6nce yaln\u0131zca bir m\u00fczik aleti iken Sultanbekul\u0131\u2019n\u0131n bestesi ile ayn\u0131 zamanda \u00e7ok sevilen bir \u015fark\u0131n\u0131n da ad\u0131 olan  \u201cDomb\u0131ra\u201d gecenin de ortak co\u015fku sesi oldu (https:\/\/tehlikedekidiller.com\/nogay-dosyasi-dombiranin-tellerinde-yasayan-nogaylar.html).<\/p>\n<p style=\"text-align: justify;\"><strong> <img loading=\"lazy\" decoding=\"async\" class=\"aligncenter size-full wp-image-1193\" title=\"w5\" src=\"https:\/\/tehlikedekidiller.com\/wp-content\/uploads\/w5.png\" alt=\"\" width=\"500\" height=\"375\" \/><\/strong><\/p>\n<p style=\"text-align: justify;\"><strong> <img loading=\"lazy\" decoding=\"async\" class=\"aligncenter size-full wp-image-1193\" title=\"w6\" src=\"https:\/\/tehlikedekidiller.com\/wp-content\/uploads\/w6.png\" alt=\"\" width=\"500\" height=\"375\" \/><\/strong><\/p>\n<p><em>Arslanbek Sultanbekul\u0131 ve Sena Ta\u015f\u00e7\u0131<\/em><\/p>\n<p>\u201cTehlikedeki Diller\u201d projesi ekibinden \u00dclk\u00fc \u00c7elik \u015eavk ve S\u00fcer Eker de geceye kat\u0131lan isimler aras\u0131ndayd\u0131. Kendileri di\u011fer konuklarla hem etkinlik \u00f6ncesi hem de sonras\u0131 proje ile ilgili \u00e7e\u015fitli g\u00f6r\u00fc\u015fmeler yapt\u0131lar. Bu konuklardan biri de Kara\u00e7ay-\u00c7erkes Televizyonu \u00e7al\u0131\u015fanlar\u0131ndan Farida S\u0131ydahmetova idi. <\/p>\n<p style=\"text-align: justify;\"><strong> <img loading=\"lazy\" decoding=\"async\" class=\"aligncenter size-full wp-image-1193\" title=\"w7\" src=\"https:\/\/tehlikedekidiller.com\/wp-content\/uploads\/w7.png\" alt=\"\" width=\"500\" height=\"375\" \/><\/strong><\/p>\n<p><em>S\u00fcer Eker, Farida S\u0131ydahmetova, Veysel Demir, \u00dclk\u00fc \u00c7elik \u015eavk<\/em><\/p>\n<p>Kazak-Nogay dostlu\u011funun devaml\u0131l\u0131\u011f\u0131 ve iki toplum aras\u0131ndaki ba\u011flar\u0131n g\u00fc\u00e7lenmesine katk\u0131 sa\u011flamas\u0131 bak\u0131m\u0131ndan b\u00fcy\u00fck \u00f6nem ta\u015f\u0131yan bu gibi etkinliklerin bundan sonra da \u00e7e\u015fitlenerek ve g\u00fc\u00e7lenerek devam etmesini temenni ediyoruz. <\/p>\n<p style=\"text-align: justify;\"><strong> <img loading=\"lazy\" decoding=\"async\" class=\"aligncenter size-full wp-image-1193\" title=\"w8\" src=\"https:\/\/tehlikedekidiller.com\/wp-content\/uploads\/w8.png\" alt=\"\" width=\"500\" height=\"375\" \/><\/strong><\/p>\n","protected":false},"excerpt":{"rendered":"<p>KAZAK &#8211; NOGAY DOSTLUK GECES\u0130 Nur Sena Ta\u015f\u00e7\u0131 (Hacettepe \u00dcniversitesi \u00d6\u011frencisi) 22 Aral\u0131k Pazar ak\u015fam\u0131 Ankara -Korkut Ata Kongre Merkezi\u2019nde ger\u00e7ekle\u015ftirilen Kazak-Nogay Dostluk Gecesi etkinli\u011finde T\u00fcrkiye\u2019de ya\u015fayan Kazak ve Nogay dostlar bir araya geldi. Nogay T\u00fcrkleri K\u00fclt\u00fcr ve Dayan\u0131\u015fma Derne\u011fi, Kazakistan B\u00fcy\u00fckel\u00e7ili\u011fi, Etimesgut Belediyesi ve T\u00dcRKSOY i\u015fbirli\u011fiyle d\u00fczenlenen geceye ilgi olduk\u00e7a yo\u011fundu. Nogay T\u00fcrkleri K\u00fclt\u00fcr ve Yard\u0131mla\u015fma Derne\u011fi Genel Ba\u015fkan\u0131 Cemil S\u00dcTBA\u015e, Kazakistan Cumhuriyeti Ankara B\u00fcy\u00fckel\u00e7ili\u011fi Bas\u0131n ve Ticaret M\u00fc\u015faviri M\u00fc\u015faviri Askhat KESSIKBAYEV, T\u00dcRKSOY Genel Sekreteri D\u00fcsen KASE\u0130NOV ve di\u011fer protokol davetlilerinin konu\u015fmalar\u0131yla ba\u015flayan etkinlikte Ahmet Yesevi \u00dcniversitesi sanat toplulu\u011funun \u00d6zbek, Kazak, T\u00fcrkmen dans ve m\u00fcziklerinden sunumlar\u0131 co\u015fkuyla izlendi. \u00d6zbek&nbsp;<a href=\"https:\/\/tehlikedekidiller.com\/?page_id=1630\" class=\"read-more\">Okumaya devam et<\/a><\/p>\n","protected":false},"author":1,"featured_media":0,"parent":0,"menu_order":0,"comment_status":"closed","ping_status":"open","template":"","meta":{"footnotes":""},"class_list":["post-1630","page","type-page","status-publish","hentry"],"_links":{"self":[{"href":"https:\/\/tehlikedekidiller.com\/index.php?rest_route=\/wp\/v2\/pages\/1630","targetHints":{"allow":["GET"]}}],"collection":[{"href":"https:\/\/tehlikedekidiller.com\/index.php?rest_route=\/wp\/v2\/pages"}],"about":[{"href":"https:\/\/tehlikedekidiller.com\/index.php?rest_route=\/wp\/v2\/types\/page"}],"author":[{"embeddable":true,"href":"https:\/\/tehlikedekidiller.com\/index.php?rest_route=\/wp\/v2\/users\/1"}],"replies":[{"embeddable":true,"href":"https:\/\/tehlikedekidiller.com\/index.php?rest_route=%2Fwp%2Fv2%2Fcomments&post=1630"}],"version-history":[{"count":1,"href":"https:\/\/tehlikedekidiller.com\/index.php?rest_route=\/wp\/v2\/pages\/1630\/revisions"}],"predecessor-version":[{"id":1631,"href":"https:\/\/tehlikedekidiller.com\/index.php?rest_route=\/wp\/v2\/pages\/1630\/revisions\/1631"}],"wp:attachment":[{"href":"https:\/\/tehlikedekidiller.com\/index.php?rest_route=%2Fwp%2Fv2%2Fmedia&parent=1630"}],"curies":[{"name":"wp","href":"https:\/\/api.w.org\/{rel}","templated":true}]}}