{"id":1426,"date":"2013-12-04T21:17:23","date_gmt":"2013-12-04T19:17:23","guid":{"rendered":"http:\/\/tehlikedekidiller.com\/?page_id=1426"},"modified":"2013-12-04T21:17:23","modified_gmt":"2013-12-04T19:17:23","slug":"baskent-universitesi-turk-dili-ve-edebiyati-ogrencileri-turksoyda","status":"publish","type":"page","link":"https:\/\/tehlikedekidiller.com\/?page_id=1426","title":{"rendered":"Ba\u015fkent \u00dcniversitesi T\u00fcrk Dili ve Edebiyat\u0131 \u00d6\u011frencileri T\u00dcRKSOY&#8217;da"},"content":{"rendered":"<p><strong>\n\t\t<style type=\"text\/css\">\n\t\t\t#gallery-1 {\n\t\t\t\tmargin: auto;\n\t\t\t}\n\t\t\t#gallery-1 .gallery-item {\n\t\t\t\tfloat: left;\n\t\t\t\tmargin-top: 10px;\n\t\t\t\ttext-align: center;\n\t\t\t\twidth: 25%;\n\t\t\t}\n\t\t\t#gallery-1 img {\n\t\t\t\tborder: 2px solid #cfcfcf;\n\t\t\t}\n\t\t\t#gallery-1 .gallery-caption {\n\t\t\t\tmargin-left: 0;\n\t\t\t}\n\t\t\t\/* see gallery_shortcode() in wp-includes\/media.php *\/\n\t\t<\/style>\n\t\t<div id='gallery-1' class='gallery galleryid-1426 gallery-columns-4 gallery-size-thumbnail'><dl class='gallery-item'>\n\t\t\t<dt class='gallery-icon portrait'>\n\t\t\t\t<a href='https:\/\/tehlikedekidiller.com\/?attachment_id=1427'><img loading=\"lazy\" decoding=\"async\" width=\"150\" height=\"150\" src=\"https:\/\/tehlikedekidiller.com\/wp-content\/uploads\/Ads\u0131zf-150x150.png\" class=\"attachment-thumbnail size-thumbnail\" alt=\"\" \/><\/a>\n\t\t\t<\/dt><\/dl><dl class='gallery-item'>\n\t\t\t<dt class='gallery-icon landscape'>\n\t\t\t\t<a href='https:\/\/tehlikedekidiller.com\/?attachment_id=1428'><img loading=\"lazy\" decoding=\"async\" width=\"150\" height=\"150\" src=\"https:\/\/tehlikedekidiller.com\/wp-content\/uploads\/Ads\u0131zff-150x150.png\" class=\"attachment-thumbnail size-thumbnail\" alt=\"\" \/><\/a>\n\t\t\t<\/dt><\/dl><dl class='gallery-item'>\n\t\t\t<dt class='gallery-icon landscape'>\n\t\t\t\t<a href='https:\/\/tehlikedekidiller.com\/?attachment_id=1429'><img loading=\"lazy\" decoding=\"async\" width=\"150\" height=\"150\" src=\"https:\/\/tehlikedekidiller.com\/wp-content\/uploads\/Ads\u0131zfff-150x150.png\" class=\"attachment-thumbnail size-thumbnail\" alt=\"\" \/><\/a>\n\t\t\t<\/dt><\/dl><dl class='gallery-item'>\n\t\t\t<dt class='gallery-icon landscape'>\n\t\t\t\t<a href='https:\/\/tehlikedekidiller.com\/?attachment_id=1430'><img loading=\"lazy\" decoding=\"async\" width=\"150\" height=\"150\" src=\"https:\/\/tehlikedekidiller.com\/wp-content\/uploads\/Ads\u0131zffff-150x150.png\" class=\"attachment-thumbnail size-thumbnail\" alt=\"\" \/><\/a>\n\t\t\t<\/dt><\/dl><br style=\"clear: both\" \/>\n\t\t<\/div>\n\n<p>Bahar Efe (Ba\u015fkent \u00dcniversitesi \u00d6\u011frencisi)<\/strong><\/p>\n<p>12 Mart 2013 tarihinde arkada\u015flar\u0131m\u0131z Emre G\u00fclkan ve B\u00fc\u015fra G\u00fcl Akbulut taraf\u0131ndan organize edilen T\u00fcrksoy ziyaretinde, hocalar\u0131m\u0131z Do\u00e7. Dr. S\u00fcer Eker, Yrd. Do\u00e7. Dr. Sema Aslan Demir ve 20 ki\u015filik \u00f6\u011frenci grubumuzla bu anlaml\u0131 te\u015fkil\u00e2t\u0131 ziyaret etme f\u0131rsat\u0131 bulduk. Bizleri T\u00fcrksoy Azerbaycan Temsilcisi El\u00e7in Gafarl\u0131 ve Ba\u015fkurdistan Temsilcisi Ahad Salihov kar\u015f\u0131lad\u0131.<\/p>\n<p>Peki, bu te\u015fkil\u00e2t nedir? K\u0131saca a\u00e7\u0131klamak gerekirse, Uluslararas\u0131 T\u00fcrk K\u00fclt\u00fcr Te\u015fkilat\u0131; yani b\u00fcnyesinde bir\u00e7ok T\u00fcrk dillerini ve k\u00fclt\u00fcr\u00fcn\u00fc ta\u015f\u0131yan, sayd\u0131\u011f\u0131m kadar\u0131yla 12 \u00fcye devleti bulunan bir kurulu\u015ftur. Bu \u00fcyeler; Azerbaycan, Kazakistan, \u00d6zbekistan, K\u0131rg\u0131zistan, T\u00fcrkmenistan ba\u011f\u0131ms\u0131z cumhuriyetler ile Altay, Ba\u015fkurdistan Hakasya, Tatar istan, Gagauz , Saha (Yakut) ve T\u0131va \u00f6zerk cumhuriyetleridir. Baz\u0131 dilleri yok olma tehlikesi ile kar\u015f\u0131 kar\u015f\u0131yad\u0131r. Bu kurulu\u015f da T\u00fcrk dili ve k\u00fclt\u00fcrlerinin bir bak\u0131ma bulu\u015fma merkezi olarak g\u00f6rev yapmaktad\u0131r.<\/p>\n<p>Ziyarette Azerbaycan temsilcisi El\u00e7in Gafarl\u0131 bize resim sergisini tan\u0131ma imk\u00e2n\u0131 sundu. T\u00fcrksoy&#8217;un yapm\u0131\u015f oldu\u011fu etkinlikleri, yay\u0131nlar\u0131, projeleri anlatt\u0131. K\u00f6ro\u011flu Operas\u0131 Festivali\u00b4nin, Dede Korkut ve T\u00fcrk destanlar\u0131 Sempozyumu\u00b4nun, Amerika Birle\u015fik Devleti\u00b4nde g\u00f6sterime sunulan Yunus Emre Oratoryosu\u00b4nun, \u00dcnl\u00fc Azerbaycan\u00b4\u0131n \u0130stikl\u00e2l \u015eairi Ahmed Cavad\u00b4\u0131n, Karde\u015f Halklar\u0131n Masallar\u0131n\u0131n ve mart ay\u0131nda kutlanan sevginin ve dostlu\u011fun bayram\u0131 \u201cNevruz\u201d \u015fenliklerinin \u00f6nemine de\u011findi. \u0130nsanl\u0131\u011f\u0131n ortak miras\u0131 olan \u201cNevruz\u201d gelene\u011fini geni\u015f kitlelere ula\u015ft\u0131rma g\u00f6revini sa\u011flad\u0131klar\u0131n\u0131 anlatt\u0131.<\/p>\n<p>Hep birlikte konferans salonuna davet edildik. T\u00fcrksoy Genel Sekreteri Do\u00e7. Dr . F\u0131rat Purta\u015f da aram\u0131za kat\u0131ld\u0131. T\u00fcrksoy tan\u0131t\u0131m filmi ile ba\u015flayan toplant\u0131 da F\u0131rat Puta\u015f T\u00fcrksoy te\u015fkilat\u0131n\u0131n vizyonu ve misyonu hakk\u0131nda bilgi verdi. Ard\u0131ndan Ba\u015fkurdistan Temsilcisi Ahad Salihov memleketi ve k\u00fclt\u00fcr\u00fcn\u00fc tan\u0131tacak k\u0131sa bir g\u00f6rsel payla\u015ft\u0131. S\u00fcer Hocam\u0131z\u0131n da kat\u0131l\u0131m\u0131 ile k\u0131sa bir s\u00f6yle\u015fi ger\u00e7ekle\u015fti. Hemen ard\u0131ndan Hakas Temsilcisi Timur Davletov da Hakas Cumhuriyeti\u00b4nin tarihi ve k\u00fclt\u00fcr\u00fc hakk\u0131nda yapt\u0131\u011f\u0131 konu\u015fmas\u0131n\u0131 bizlerle payla\u015ft\u0131. Toplant\u0131 sona erdi\u011finde foto\u011fraflar \u00e7ekilerek bu anlaml\u0131 g\u00fcn\u00fc belgelemi\u015f olduk.<\/p>\n<p>Uluslararas\u0131 T\u00fcrk Te\u015fkilat\u0131 T\u00fcrksoy\u00b4un T\u00fcrk dili konu\u015fan halklar\u0131n k\u00fclt\u00fcr ve sanat\u0131n\u0131n ara\u015ft\u0131r\u0131lmas\u0131nda ve tan\u0131t\u0131lmas\u0131nda sa\u011flad\u0131\u011f\u0131 katk\u0131 ve ortak k\u00fclt\u00fcrel miras\u0131n gelecek ku\u015faklara aktar\u0131lmas\u0131nda yapt\u0131\u011f\u0131 \u00e7abalar ger\u00e7ekten takdire \u015fayan. T\u00fcrksoy\u2019un K\u00f6kt\u00fcrk tarihinden, Manas Destan\u0131na, Ba\u015fkurt Halk Destan\u0131\u2019ndan, Dede Korkut Ansiklopedisi gibi ortak T\u00fcrk k\u00fclt\u00fcr\u00fcn\u00fcn ba\u015fyap\u0131tlar\u0131 \u00f6ne \u00e7\u0131kartmadaki pay\u0131n\u0131n ne kadar b\u00fcy\u00fck oldu\u011funu g\u00f6stermekte, T\u00fcrk dili konu\u015fan \u00fclkeler aras\u0131ndaki k\u00fclt\u00fcr zenginli\u011fini d\u00fcnyaya duyurmay\u0131 ama\u00e7 edinmi\u015f bir te\u015fkilat oldu\u011funu kan\u0131tlamaktad\u0131r.<\/p>\n<p>Bu kurumla bulu\u015fma imk\u00e2n\u0131 sa\u011flayan ba\u015fta arkada\u015flar\u0131m Emre G\u00fclkan\u2019a ve B\u00fc\u015fra G\u00fcl Akbulut\u2019a te\u015fekk\u00fcrlerimi arz ederim. Kurumun varl\u0131\u011f\u0131ndan bizi haberdar eden ve imk\u00e2n yaratan de\u011ferli hocam S\u00fcer Eker&#8217;e de sayg\u0131lar\u0131m\u0131 sunar\u0131m. E\u011fer siz de bir T\u00fcrkoloji \u00f6\u011frencisiyseniz bu kurulu\u015flar\u0131n varl\u0131\u011f\u0131n\u0131 bilmenizin ve tan\u0131man\u0131z\u0131n ne kadar \u00f6nemli ve gerekli oldu\u011funu fark edilebilmesi, gelecek i\u00e7in b\u00fcy\u00fck \u00f6nem ta\u015f\u0131maktad\u0131r. T\u00fcrk dilleri yok olmas\u0131n. Bu miras\u0131 koruma g\u00f6revini hepimiz devralal\u0131m.<\/p>\n<p>Do\u00e7. Dr. S\u00fcer Eker | Uluslararas\u0131 T\u00fcrk K\u00fclt\u00fcr Te\u015fkilat\u0131 Ziyaret Konu\u015fmas\u0131<br \/>\nNOT: http:\/\/www.youtube.com\/watch?v=hBqm644Y1Zc<\/p>\n","protected":false},"excerpt":{"rendered":"<p>Bahar Efe (Ba\u015fkent \u00dcniversitesi \u00d6\u011frencisi) 12 Mart 2013 tarihinde arkada\u015flar\u0131m\u0131z Emre G\u00fclkan ve B\u00fc\u015fra G\u00fcl Akbulut taraf\u0131ndan organize edilen T\u00fcrksoy ziyaretinde, hocalar\u0131m\u0131z Do\u00e7. Dr. S\u00fcer Eker, Yrd. Do\u00e7. Dr. Sema Aslan Demir ve 20 ki\u015filik \u00f6\u011frenci grubumuzla bu anlaml\u0131 te\u015fkil\u00e2t\u0131 ziyaret etme f\u0131rsat\u0131 bulduk. Bizleri T\u00fcrksoy Azerbaycan Temsilcisi El\u00e7in Gafarl\u0131 ve Ba\u015fkurdistan Temsilcisi Ahad Salihov kar\u015f\u0131lad\u0131. Peki, bu te\u015fkil\u00e2t nedir? K\u0131saca a\u00e7\u0131klamak gerekirse, Uluslararas\u0131 T\u00fcrk K\u00fclt\u00fcr Te\u015fkilat\u0131; yani b\u00fcnyesinde bir\u00e7ok T\u00fcrk dillerini ve k\u00fclt\u00fcr\u00fcn\u00fc ta\u015f\u0131yan, sayd\u0131\u011f\u0131m kadar\u0131yla 12 \u00fcye devleti bulunan bir kurulu\u015ftur. Bu \u00fcyeler; Azerbaycan, Kazakistan, \u00d6zbekistan, K\u0131rg\u0131zistan, T\u00fcrkmenistan ba\u011f\u0131ms\u0131z cumhuriyetler ile Altay, Ba\u015fkurdistan Hakasya, Tatar istan, Gagauz ,&nbsp;<a href=\"https:\/\/tehlikedekidiller.com\/?page_id=1426\" class=\"read-more\">Okumaya devam et<\/a><\/p>\n","protected":false},"author":1,"featured_media":0,"parent":0,"menu_order":0,"comment_status":"closed","ping_status":"open","template":"","meta":{"footnotes":""},"class_list":["post-1426","page","type-page","status-publish","hentry"],"_links":{"self":[{"href":"https:\/\/tehlikedekidiller.com\/index.php?rest_route=\/wp\/v2\/pages\/1426","targetHints":{"allow":["GET"]}}],"collection":[{"href":"https:\/\/tehlikedekidiller.com\/index.php?rest_route=\/wp\/v2\/pages"}],"about":[{"href":"https:\/\/tehlikedekidiller.com\/index.php?rest_route=\/wp\/v2\/types\/page"}],"author":[{"embeddable":true,"href":"https:\/\/tehlikedekidiller.com\/index.php?rest_route=\/wp\/v2\/users\/1"}],"replies":[{"embeddable":true,"href":"https:\/\/tehlikedekidiller.com\/index.php?rest_route=%2Fwp%2Fv2%2Fcomments&post=1426"}],"version-history":[{"count":2,"href":"https:\/\/tehlikedekidiller.com\/index.php?rest_route=\/wp\/v2\/pages\/1426\/revisions"}],"predecessor-version":[{"id":1432,"href":"https:\/\/tehlikedekidiller.com\/index.php?rest_route=\/wp\/v2\/pages\/1426\/revisions\/1432"}],"wp:attachment":[{"href":"https:\/\/tehlikedekidiller.com\/index.php?rest_route=%2Fwp%2Fv2%2Fmedia&parent=1426"}],"curies":[{"name":"wp","href":"https:\/\/api.w.org\/{rel}","templated":true}]}}