{"id":1418,"date":"2013-12-04T20:18:52","date_gmt":"2013-12-04T18:18:52","guid":{"rendered":"http:\/\/tehlikedekidiller.com\/?page_id=1418"},"modified":"2013-12-04T20:41:09","modified_gmt":"2013-12-04T18:41:09","slug":"baskent-universitesi-turk-dili-ve-edebiyati-bolumunden-ozbek-gunu-etkinligi","status":"publish","type":"page","link":"https:\/\/tehlikedekidiller.com\/?page_id=1418","title":{"rendered":"Ba\u015fkent \u00dcniversitesi T\u00fcrk Dili ve Edebiyat\u0131 B\u00f6l\u00fcm\u00fc&#8217;nden \u00d6zbek G\u00fcn\u00fc Etkinli\u011fi"},"content":{"rendered":"<p style=\"text-align: left;\"><strong>\n\t\t<style type=\"text\/css\">\n\t\t\t#gallery-1 {\n\t\t\t\tmargin: auto;\n\t\t\t}\n\t\t\t#gallery-1 .gallery-item {\n\t\t\t\tfloat: left;\n\t\t\t\tmargin-top: 10px;\n\t\t\t\ttext-align: center;\n\t\t\t\twidth: 33%;\n\t\t\t}\n\t\t\t#gallery-1 img {\n\t\t\t\tborder: 2px solid #cfcfcf;\n\t\t\t}\n\t\t\t#gallery-1 .gallery-caption {\n\t\t\t\tmargin-left: 0;\n\t\t\t}\n\t\t\t\/* see gallery_shortcode() in wp-includes\/media.php *\/\n\t\t<\/style>\n\t\t<div id='gallery-1' class='gallery galleryid-1418 gallery-columns-3 gallery-size-thumbnail'><dl class='gallery-item'>\n\t\t\t<dt class='gallery-icon landscape'>\n\t\t\t\t<a href='https:\/\/tehlikedekidiller.com\/?attachment_id=1422'><img loading=\"lazy\" decoding=\"async\" width=\"150\" height=\"150\" src=\"https:\/\/tehlikedekidiller.com\/wp-content\/uploads\/Ads\u0131zd-150x150.png\" class=\"attachment-thumbnail size-thumbnail\" alt=\"\" \/><\/a>\n\t\t\t<\/dt><\/dl><dl class='gallery-item'>\n\t\t\t<dt class='gallery-icon landscape'>\n\t\t\t\t<a href='https:\/\/tehlikedekidiller.com\/?attachment_id=1423'><img loading=\"lazy\" decoding=\"async\" width=\"150\" height=\"150\" src=\"https:\/\/tehlikedekidiller.com\/wp-content\/uploads\/Ads\u0131zda-150x150.png\" class=\"attachment-thumbnail size-thumbnail\" alt=\"\" \/><\/a>\n\t\t\t<\/dt><\/dl><dl class='gallery-item'>\n\t\t\t<dt class='gallery-icon landscape'>\n\t\t\t\t<a href='https:\/\/tehlikedekidiller.com\/?attachment_id=1424'><img loading=\"lazy\" decoding=\"async\" width=\"150\" height=\"144\" src=\"https:\/\/tehlikedekidiller.com\/wp-content\/uploads\/Ads\u0131zdd-150x144.png\" class=\"attachment-thumbnail size-thumbnail\" alt=\"\" \/><\/a>\n\t\t\t<\/dt><\/dl><br style=\"clear: both\" \/>\n\t\t<\/div>\n\n<p>BA\u015eKENT \u00dcN\u0130VERS\u0130TES\u0130 FEN &#8211; EDEB\u0130YAT FAK\u00dcLTES\u0130 T\u00dcRK D\u0130L\u0130 VE EDEB\u0130YATI B\u00d6L\u00dcM\u00dc \u00d6ZBEK G\u00dcN\u00dc<\/strong><\/p>\n<p style=\"text-align: left;\"><strong>B\u00fc\u015fra G\u00fcl Akbulut &#8211; <strong>Emre G\u00fclkan<\/strong><\/strong><strong> (Ba\u015fken \u00dcniversitesi \u00d6\u011frencileri)<\/strong><\/p>\n<p style=\"text-align: left;\">Ba\u015fkent \u00dcniversitesi Fen Edebiyat Fak\u00fcltesi, T\u00fcrk Dili ve Edebiyat\u0131 B\u00f6l\u00fcm\u00fc \u00f6\u011frencilerinden Emre G\u00fclkan ve B\u00fc\u015fra G\u00fcl Akbulut, Do\u00e7. Dr. S\u00fcer Eker \u00c7a\u011fatay dil grubundan olan \u00d6zbek halk\u0131n\u0131n ya\u015fam bi\u00e7imleri hakk\u0131nda yapt\u0131klar\u0131 kapsaml\u0131 incelemelerini, 13 Aral\u0131k 2012 tarihinde, Fen Edebiyat Fak\u00fcltesi konferans salonunda \u00f6\u011frenci ve \u00f6\u011fretim g\u00f6revlilerine \u00d6zbek misafirleri, Mevcudiye Ochilov ve o\u011flu Aziz Jon Ochilov ile \u00d6zbekistan topraklar\u0131na ait k\u00fclt\u00fcrel obje ve materyallerle sunmu\u015flard\u0131r.<\/p>\n<p style=\"text-align: left;\">\u0130lk b\u00f6l\u00fcmde okulumuz \u00f6\u011frencilerinden Emre G\u00fclkan ve B\u00fc\u015fra G\u00fcl Akbulut kat\u0131l\u0131mc\u0131larla s\u0131cak ve samimi bir ortamda etkile\u015fimli olarak, \u00d6zbekistan\u2019\u0131n d\u00fcnya \u00fczerindeki jeopolitik konumunu, yerle\u015fim yerlerini ve k\u00fclt\u00fcrel tarih a\u00e7\u0131s\u0131ndan \u00f6nem arz eden kentlerini hatta tarihin tozlu sayfalar\u0131na ad\u0131n\u0131 alt\u0131n harflerle yazd\u0131ran \u00f6nderlerini ve bilim adamlar\u0131n\u0131 haz\u0131rlad\u0131klar\u0131 \u00f6zg\u00fcn sunumla kat\u0131l\u0131mc\u0131lara aktarm\u0131\u015f, bilgi vermi\u015flerdir. S\u00f6yle\u015finin devam eden b\u00f6l\u00fcm\u00fcnde, Mevcudiye ve Aziz Ochilov yurtlar\u0131n\u0131n genel \u00f6zelliklerini kat\u0131l\u0131mc\u0131lara aktarm\u0131\u015flar\u0131d\u0131r. Aziz Jon Ochilov, \u00f6\u011frencilerimizden Emre G\u00fclkan ile birlikte \u00d6zbekistan\u2019\u0131n \u00f6nemli kentlerinden olan Semerkant, Buhara, Harezm ve Ta\u015fkent\u2019in tarih\u00ee yerle\u015fkelerini ve b\u00f6lge b\u00f6lge de\u011fi\u015fen k\u00fclt\u00fcrel \u00f6zelliklerini t\u00fcm bunlara ek olarak Semerkant\u2019taki Ulug Beg g\u00f6zlemevi ile astronomide \u00e7\u0131\u011f\u0131r a\u00e7an \u00fcnl\u00fc matematik\u00e7i \u2013 g\u00f6kbilimci Mirza Ulug Beg&#8217;i ve \u00d6zbekistan tarihinde ad\u0131n\u0131 s\u0131k\u00e7a duydu\u011fumuz Amir Temur bat\u0131da &#8211; bilinen ismiyle Timurlenk&#8217;in &#8211; destans\u0131 yanlar\u0131n\u0131 aktarm\u0131\u015flard\u0131r. Sondan bir \u00f6nceki b\u00f6l\u00fcmde ise misafir konu\u015fmac\u0131 Mevcudiye Han\u0131m ve B\u00fc\u015fra G\u00fcl Akbulut, bizzat canland\u0131rarak \u00d6zbekistan topraklar\u0131n\u0131n kendine has gelenek ve g\u00f6reneklerinden olan d\u00fc\u011f\u00fcn, s\u00fcnnet ve yemeklerini detayl\u0131 bir \u015fekilde kat\u0131l\u0131mc\u0131larla soru-cevap \u015feklinde anlatmaya \u00e7al\u0131\u015fm\u0131\u015flard\u0131r.<\/p>\n<p style=\"text-align: left;\">Son b\u00f6l\u00fcmde ise s\u00f6yle\u015fiyi organize eden ba\u015fta okulumuz \u00f6\u011frencilerinden B\u00fc\u015fra G\u00fcl Akbulut ve Emre G\u00fclkan, Mevcudiye Han\u0131m&#8217;la haz\u0131rlad\u0131klar\u0131 \u00d6zbekistan\u2019\u0131n \u00f6zel pilav\u0131n\u0131 \u00d6zbek topraklar\u0131 kokan \u00f6zel \u00d6zbek Ye\u015fil \u00e7ay\u0131 ile \u00f6\u011fretim g\u00f6revlileri ve kat\u0131l\u0131mc\u0131lara sunmu\u015flard\u0131r. \u00c7a\u011fda\u015f T\u00fcrk Leh\u00e7eleri; \u00c7a\u011fatay Grubu dersi kapsam\u0131nda yap\u0131lan bu \u00e7al\u0131\u015fma, s\u00f6yle\u015fi sonunda kat\u0131l\u0131mc\u0131lar taraf\u0131ndan \u00e7ok be\u011fenilmi\u015f ve okulumuz s\u00f6yle\u015fi tarihinde yer edinmi\u015ftir.<\/p>\n","protected":false},"excerpt":{"rendered":"<p>BA\u015eKENT \u00dcN\u0130VERS\u0130TES\u0130 FEN &#8211; EDEB\u0130YAT FAK\u00dcLTES\u0130 T\u00dcRK D\u0130L\u0130 VE EDEB\u0130YATI B\u00d6L\u00dcM\u00dc \u00d6ZBEK G\u00dcN\u00dc B\u00fc\u015fra G\u00fcl Akbulut &#8211; Emre G\u00fclkan (Ba\u015fken \u00dcniversitesi \u00d6\u011frencileri) Ba\u015fkent \u00dcniversitesi Fen Edebiyat Fak\u00fcltesi, T\u00fcrk Dili ve Edebiyat\u0131 B\u00f6l\u00fcm\u00fc \u00f6\u011frencilerinden Emre G\u00fclkan ve B\u00fc\u015fra G\u00fcl Akbulut, Do\u00e7. Dr. S\u00fcer Eker \u00c7a\u011fatay dil grubundan olan \u00d6zbek halk\u0131n\u0131n ya\u015fam bi\u00e7imleri hakk\u0131nda yapt\u0131klar\u0131 kapsaml\u0131 incelemelerini, 13 Aral\u0131k 2012 tarihinde, Fen Edebiyat Fak\u00fcltesi konferans salonunda \u00f6\u011frenci ve \u00f6\u011fretim g\u00f6revlilerine \u00d6zbek misafirleri, Mevcudiye Ochilov ve o\u011flu Aziz Jon Ochilov ile \u00d6zbekistan topraklar\u0131na ait k\u00fclt\u00fcrel obje ve materyallerle sunmu\u015flard\u0131r. \u0130lk b\u00f6l\u00fcmde okulumuz \u00f6\u011frencilerinden Emre G\u00fclkan ve B\u00fc\u015fra G\u00fcl Akbulut kat\u0131l\u0131mc\u0131larla s\u0131cak ve samimi&nbsp;<a href=\"https:\/\/tehlikedekidiller.com\/?page_id=1418\" class=\"read-more\">Okumaya devam et<\/a><\/p>\n","protected":false},"author":1,"featured_media":0,"parent":0,"menu_order":0,"comment_status":"closed","ping_status":"open","template":"","meta":{"footnotes":""},"class_list":["post-1418","page","type-page","status-publish","hentry"],"_links":{"self":[{"href":"https:\/\/tehlikedekidiller.com\/index.php?rest_route=\/wp\/v2\/pages\/1418","targetHints":{"allow":["GET"]}}],"collection":[{"href":"https:\/\/tehlikedekidiller.com\/index.php?rest_route=\/wp\/v2\/pages"}],"about":[{"href":"https:\/\/tehlikedekidiller.com\/index.php?rest_route=\/wp\/v2\/types\/page"}],"author":[{"embeddable":true,"href":"https:\/\/tehlikedekidiller.com\/index.php?rest_route=\/wp\/v2\/users\/1"}],"replies":[{"embeddable":true,"href":"https:\/\/tehlikedekidiller.com\/index.php?rest_route=%2Fwp%2Fv2%2Fcomments&post=1418"}],"version-history":[{"count":4,"href":"https:\/\/tehlikedekidiller.com\/index.php?rest_route=\/wp\/v2\/pages\/1418\/revisions"}],"predecessor-version":[{"id":1420,"href":"https:\/\/tehlikedekidiller.com\/index.php?rest_route=\/wp\/v2\/pages\/1418\/revisions\/1420"}],"wp:attachment":[{"href":"https:\/\/tehlikedekidiller.com\/index.php?rest_route=%2Fwp%2Fv2%2Fmedia&parent=1418"}],"curies":[{"name":"wp","href":"https:\/\/api.w.org\/{rel}","templated":true}]}}