{"id":14,"date":"2011-07-14T19:47:05","date_gmt":"2011-07-14T19:47:05","guid":{"rendered":"http:\/\/tehlikedekidiller.com\/?page_id=14"},"modified":"2015-09-12T23:53:10","modified_gmt":"2015-09-12T20:53:10","slug":"iletisim","status":"publish","type":"page","link":"https:\/\/tehlikedekidiller.com\/?page_id=14","title":{"rendered":"\u0130leti\u015fim"},"content":{"rendered":"<div class=\"grid_7 \"><h2>\u0130let\u0130\u015f\u0130m B\u0130lg\u0130ler\u0130<\/h2>\n\n\n&nbsp;<\/p>\n<dl class=\"address\">\n<dt>\n\u00dclk\u00fc \u00c7elik \u015eavk<br \/>\nHacettepe \u00dcniversitesi,<br \/>\nEdebiyat Fak\u00fcltesi<br \/>\nT\u00fcrk Dili ve Edebiyat\u0131 B\u00f6l\u00fcm\u00fc<br \/>\n06530 Beytepe\/ANKARA<\/p>\n<p>S\u00fcer Eker<br \/>\nBa\u015fkent \u00dcniversitesi Ba\u011fl\u0131ca Kamp\u00fcs\u00fc<br \/>\nFen Edebiyat Fak\u00fcltesi<br \/>\nEski\u015fehir Yolu 20. Km<br \/>\n06810 ANKARA<\/p>\n<\/dt>\n<p>&nbsp;<br \/>&nbsp;<br \/>&nbsp;<br \/>&nbsp;<br \/>&nbsp;<\/p>\n<dd>\n<ul>\n<li><span>Ofis Telefonlar\u0131:<\/span>(312) 246 66 66 \/ 2041<\/li>\n<li><span>Faks:<\/span>(312) 246 66 30<\/li>\n<li>E-Posta: <a href=\"#\">sonsesler@gmail.com<\/a><\/li>\n<\/ul>\n<\/dd>\n<\/dl><\/div>\n<div class=\"grid_5 \"><h2>\u0130let\u0130\u015f\u0130m Formu<\/h2>\n\n<div class=\"wpcf7 no-js\" id=\"wpcf7-f208-o1\" lang=\"\" dir=\"ltr\" data-wpcf7-id=\"208\">\n<div class=\"screen-reader-response\"><p role=\"status\" aria-live=\"polite\" aria-atomic=\"true\"><\/p> <ul><\/ul><\/div>\n<form action=\"\/index.php?rest_route=%2Fwp%2Fv2%2Fpages%2F14#wpcf7-f208-o1\" method=\"post\" class=\"wpcf7-form init\" aria-label=\"\u0130leti\u015fim Formu\" novalidate=\"novalidate\" data-status=\"init\">\n<fieldset class=\"hidden-fields-container\"><input type=\"hidden\" name=\"_wpcf7\" value=\"208\" \/><input type=\"hidden\" name=\"_wpcf7_version\" value=\"6.1.3\" \/><input type=\"hidden\" name=\"_wpcf7_locale\" value=\"\" \/><input type=\"hidden\" name=\"_wpcf7_unit_tag\" value=\"wpcf7-f208-o1\" \/><input type=\"hidden\" name=\"_wpcf7_container_post\" value=\"0\" \/><input type=\"hidden\" name=\"_wpcf7_posted_data_hash\" value=\"\" \/>\n<\/fieldset>\n<p class=\"field\"><label>\u0130sim: <small>*<\/small><\/label><span class=\"wpcf7-form-control-wrap\" data-name=\"your-name\"><input size=\"40\" maxlength=\"400\" class=\"wpcf7-form-control wpcf7-text wpcf7-validates-as-required\" aria-required=\"true\" aria-invalid=\"false\" value=\"\" type=\"text\" name=\"your-name\" \/><\/span>\n<\/p>\n<p class=\"field\"><label>E-posta: <small>*<\/small><\/label><span class=\"wpcf7-form-control-wrap\" data-name=\"your-email\"><input size=\"40\" maxlength=\"400\" class=\"wpcf7-form-control wpcf7-email wpcf7-validates-as-required wpcf7-text wpcf7-validates-as-email\" aria-required=\"true\" aria-invalid=\"false\" value=\"\" type=\"email\" name=\"your-email\" \/><\/span>\n<\/p>\n<p class=\"field\"><label>Telefon:<\/label><span class=\"wpcf7-form-control-wrap\" data-name=\"your-phone\"><input size=\"40\" maxlength=\"400\" class=\"wpcf7-form-control wpcf7-text\" aria-invalid=\"false\" value=\"\" type=\"text\" name=\"your-phone\" \/><\/span>\n<\/p>\n<p class=\"field\"><label>Mesaj:<\/label><span class=\"wpcf7-form-control-wrap\" data-name=\"your-message\"><textarea cols=\"40\" rows=\"10\" maxlength=\"2000\" class=\"wpcf7-form-control wpcf7-textarea\" aria-invalid=\"false\" name=\"your-message\"><\/textarea><\/span>\n<\/p>\n<p class=\"submit-wrap\"><input type=\"reset\" value=\"s\u0130l\" \/><input class=\"wpcf7-form-control wpcf7-submit has-spinner\" type=\"submit\" value=\"G\u00f6nder\" \/>\n<\/p><div class=\"wpcf7-response-output\" aria-hidden=\"true\"><\/div>\n<\/form>\n<\/div>\n<\/div>\n<div class=\"clear\"><\/div>\n","protected":false},"excerpt":{"rendered":"","protected":false},"author":1,"featured_media":0,"parent":0,"menu_order":4,"comment_status":"open","ping_status":"open","template":"page-fullwidth.php","meta":{"footnotes":""},"class_list":["post-14","page","type-page","status-publish","hentry"],"_links":{"self":[{"href":"https:\/\/tehlikedekidiller.com\/index.php?rest_route=\/wp\/v2\/pages\/14","targetHints":{"allow":["GET"]}}],"collection":[{"href":"https:\/\/tehlikedekidiller.com\/index.php?rest_route=\/wp\/v2\/pages"}],"about":[{"href":"https:\/\/tehlikedekidiller.com\/index.php?rest_route=\/wp\/v2\/types\/page"}],"author":[{"embeddable":true,"href":"https:\/\/tehlikedekidiller.com\/index.php?rest_route=\/wp\/v2\/users\/1"}],"replies":[{"embeddable":true,"href":"https:\/\/tehlikedekidiller.com\/index.php?rest_route=%2Fwp%2Fv2%2Fcomments&post=14"}],"version-history":[{"count":58,"href":"https:\/\/tehlikedekidiller.com\/index.php?rest_route=\/wp\/v2\/pages\/14\/revisions"}],"predecessor-version":[{"id":213,"href":"https:\/\/tehlikedekidiller.com\/index.php?rest_route=\/wp\/v2\/pages\/14\/revisions\/213"}],"wp:attachment":[{"href":"https:\/\/tehlikedekidiller.com\/index.php?rest_route=%2Fwp%2Fv2%2Fmedia&parent=14"}],"curies":[{"name":"wp","href":"https:\/\/api.w.org\/{rel}","templated":true}]}}