{"id":1171,"date":"2012-12-12T20:36:47","date_gmt":"2012-12-12T18:36:47","guid":{"rendered":"http:\/\/tehlikedekidiller.com\/?page_id=1171"},"modified":"2012-12-31T16:42:55","modified_gmt":"2012-12-31T14:42:55","slug":"tehlikedeki-diller-projesi-suruyor","status":"publish","type":"page","link":"https:\/\/tehlikedekidiller.com\/?page_id=1171","title":{"rendered":"\u201cTehl\u0130kedek\u0130 D\u0130ller Projes\u0130\u201d S\u00fcr\u00fcyor"},"content":{"rendered":"<div id=\"attachment_1217\" style=\"width: 242px\" class=\"wp-caption alignleft\"><a href=\"https:\/\/tehlikedekidiller.com\/wp-content\/uploads\/SonSeslerDuyulmadan_Manzume2.jpg\"><img loading=\"lazy\" decoding=\"async\" aria-describedby=\"caption-attachment-1217\" class=\"size-medium wp-image-1217\" title=\"SonSeslerDuyulmadan_Manzume\" src=\"https:\/\/tehlikedekidiller.com\/wp-content\/uploads\/SonSeslerDuyulmadan_Manzume2-232x300.jpg\" alt=\"\" width=\"232\" height=\"300\" srcset=\"https:\/\/tehlikedekidiller.com\/wp-content\/uploads\/SonSeslerDuyulmadan_Manzume2-232x300.jpg 232w, https:\/\/tehlikedekidiller.com\/wp-content\/uploads\/SonSeslerDuyulmadan_Manzume2.jpg 582w\" sizes=\"auto, (max-width: 232px) 100vw, 232px\" \/><\/a><p id=\"caption-attachment-1217\" class=\"wp-caption-text\">Resmi b\u00fcy\u00fctmek i\u00e7in t\u0131klay\u0131n<\/p><\/div>\n<p style=\"text-align: justify;\">Projenin temelleri, 2011 y\u0131l\u0131 ba\u015flar\u0131nda, i\u00e7inde May\u0131s 2012\u2019de ger\u00e7ekle\u015ftirilmesi d\u00fc\u015f\u00fcn\u00fclen 4. Uluslararas\u0131 T\u00fcrkiyat Ara\u015ft\u0131rmalar\u0131 Sempozyumu\u2019nun da yer ald\u0131\u011f\u0131 farkl\u0131 etkinlikler ve alt projeler i\u00e7eren bir planlama ile at\u0131lm\u0131\u015ft\u0131r. Sempozyum temas\u0131 \u00a0Prof. Dr. \u00dclk\u00fc \u00c7elik \u015eavk\u2019\u0131n \u00f6nerisi ile \u201cdilleri ve k\u00fclt\u00fcrleri yok olma tehlikesine maruz T\u00fcrk topluluklar\u0131\u201d olarak belirlenmi\u015f ve d\u00fczenleme kurulu \u00fcyelerinden Do\u00e7. Dr. S\u00fcer Eker\u2019e ait \u201cson sesler duyulmadan\u201d \u201cmotto\u201dsu\u00a0 ile \u00a0planlama s\u00fcrecinin ard\u0131ndan uygulama s\u00fcreci \u00a0ba\u015flat\u0131lm\u0131\u015ft\u0131r.<\/p>\n<p style=\"text-align: justify;\">Bu s\u00fcre\u00e7te, hem d\u00f6rt alt proje \u00a0\u00fczerine yap\u0131land\u0131r\u0131lan \u201cTehlikedeki Diller Projesi\u201dnde deneyimlerinden yararlanmak \u00a0hem de T\u00fcrkiyat Ara\u015ft\u0131rmalar\u0131 Enstit\u00fcs\u00fc\u2019n\u00fcn lisans\u00fcst\u00fc e\u011fitim program\u0131n\u0131 g\u00fc\u00e7lendirmek amac\u0131 ile Frankfurt Goethe \u00dcniversitesi emekli \u00f6\u011fretim \u00fcyesi Prof. Dr. Marcel Erdal, Prof. Dr. \u00dclk\u00fc \u00c7elik \u015eavk taraf\u0131ndan \u201cT\u00dcB\u0130TAK 2221 Konuk Bilim \u0130nsan\u0131 Destekleme Program\u0131\u201d kapsam\u0131nda davet edilmi\u015ftir. Erdal\u2019\u0131n bu program arac\u0131l\u0131\u011f\u0131 ile Hacettepe \u00dcniversitesinde g\u00f6rev yapmas\u0131n\u0131n yaln\u0131zca projenin hedeflerine ba\u015far\u0131yla ula\u015fmas\u0131na de\u011fil, \u00a0T\u00fcrkiye T\u00fcrkolojine de \u00a0\u00a0\u00f6nemli bir katk\u0131 sa\u011flayaca\u011f\u0131\u00a0 de\u011ferlendirilmi\u015ftir. Say\u0131n Erdal, bu program \u00e7er\u00e7evesinde\u00a0 \u00e7al\u0131\u015fmalar\u0131na devam etmektedir.<\/p>\n<p style=\"text-align: justify;\">Proje \u00e7al\u0131\u015fmalar\u0131 devam ederken\u00a0 Hacettepe \u00dcniversitesinde ger\u00e7ekle\u015fen y\u00f6netim de\u011fi\u015fikli\u011fi nedeni ile planlanan baz\u0131 alt projeler\u00a0 daha sonraki bir tarihte yeniden ele al\u0131nmak \u00fczere beklemeye al\u0131nm\u0131\u015f, ancak programl\u0131 bir faaliyet olan \u201c4. Uluslararas\u0131 T\u00fcrkiyat Ara\u015ft\u0131rmalar\u0131 Sempozyumu\u201d, \u00f6nceki D\u00fczenleme Kurulu taraf\u0131ndan haz\u0131rland\u0131\u011f\u0131 kadar\u0131 ile ve kararla\u015ft\u0131r\u0131ld\u0131\u011f\u0131 gibi \u201c<em>Dilleri ve K\u00fclt\u00fcrleri Yok Olma Tehlikesine Maruz T\u00fcrk Topluluklar\u0131<\/em>\u201d temas\u0131 ile d\u00fczenlenmi\u015ftir.<\/p>\n<p style=\"text-align: justify;\">Tehlikedeki Diller Projesi, k\u0131sa bir aradan sonra bu kez farkl\u0131 bir yap\u0131lanma ile hayata ge\u00e7irilmeye ba\u015flam\u0131\u015ft\u0131r. Bu yap\u0131lanma \u00e7er\u00e7evesinde, tehlikedeki dillere y\u00f6nelik web sayfas\u0131n\u0131n olu\u015fturulmas\u0131, benzer \u015fekilde, tehlikedeki dillere y\u00f6nelik bir el kitab\u0131n\u0131n haz\u0131rlanmas\u0131 (<em>Tehlikedeki T\u00fcrk Dilleri El Kitab\u0131<\/em>\/K\u0131rm\u0131z\u0131 Kitap) ve bu \u00e7al\u0131\u015fmalar\u0131n s\u00fcreklili\u011fini sa\u011flamak \u00fczere \u201c<em>Tehlikedeki Diller Dergisi<\/em>\u201d ad\u0131 ile bir uluslararas\u0131 e-dergi yay\u0131mlanmas\u0131 kararla\u015ft\u0131r\u0131lm\u0131\u015ft\u0131r.<\/p>\n","protected":false},"excerpt":{"rendered":"<p>Projenin temelleri, 2011 y\u0131l\u0131 ba\u015flar\u0131nda, i\u00e7inde May\u0131s 2012\u2019de ger\u00e7ekle\u015ftirilmesi d\u00fc\u015f\u00fcn\u00fclen 4. Uluslararas\u0131 T\u00fcrkiyat Ara\u015ft\u0131rmalar\u0131 Sempozyumu\u2019nun da yer ald\u0131\u011f\u0131 farkl\u0131 etkinlikler ve alt projeler i\u00e7eren bir planlama ile at\u0131lm\u0131\u015ft\u0131r. Sempozyum temas\u0131 \u00a0Prof. Dr. \u00dclk\u00fc \u00c7elik \u015eavk\u2019\u0131n \u00f6nerisi ile \u201cdilleri ve k\u00fclt\u00fcrleri yok olma tehlikesine maruz T\u00fcrk topluluklar\u0131\u201d olarak belirlenmi\u015f ve d\u00fczenleme kurulu \u00fcyelerinden Do\u00e7. Dr. S\u00fcer Eker\u2019e ait \u201cson sesler duyulmadan\u201d \u201cmotto\u201dsu\u00a0 ile \u00a0planlama s\u00fcrecinin ard\u0131ndan uygulama s\u00fcreci \u00a0ba\u015flat\u0131lm\u0131\u015ft\u0131r. Bu s\u00fcre\u00e7te, hem d\u00f6rt alt proje \u00a0\u00fczerine yap\u0131land\u0131r\u0131lan \u201cTehlikedeki Diller Projesi\u201dnde deneyimlerinden yararlanmak \u00a0hem de T\u00fcrkiyat Ara\u015ft\u0131rmalar\u0131 Enstit\u00fcs\u00fc\u2019n\u00fcn lisans\u00fcst\u00fc e\u011fitim program\u0131n\u0131 g\u00fc\u00e7lendirmek amac\u0131 ile Frankfurt Goethe \u00dcniversitesi emekli \u00f6\u011fretim \u00fcyesi Prof. Dr.&nbsp;<a href=\"https:\/\/tehlikedekidiller.com\/?page_id=1171\" class=\"read-more\">Okumaya devam et<\/a><\/p>\n","protected":false},"author":1,"featured_media":0,"parent":0,"menu_order":0,"comment_status":"open","ping_status":"open","template":"page-fullwidth.php","meta":{"footnotes":""},"class_list":["post-1171","page","type-page","status-publish","hentry"],"_links":{"self":[{"href":"https:\/\/tehlikedekidiller.com\/index.php?rest_route=\/wp\/v2\/pages\/1171","targetHints":{"allow":["GET"]}}],"collection":[{"href":"https:\/\/tehlikedekidiller.com\/index.php?rest_route=\/wp\/v2\/pages"}],"about":[{"href":"https:\/\/tehlikedekidiller.com\/index.php?rest_route=\/wp\/v2\/types\/page"}],"author":[{"embeddable":true,"href":"https:\/\/tehlikedekidiller.com\/index.php?rest_route=\/wp\/v2\/users\/1"}],"replies":[{"embeddable":true,"href":"https:\/\/tehlikedekidiller.com\/index.php?rest_route=%2Fwp%2Fv2%2Fcomments&post=1171"}],"version-history":[{"count":5,"href":"https:\/\/tehlikedekidiller.com\/index.php?rest_route=\/wp\/v2\/pages\/1171\/revisions"}],"predecessor-version":[{"id":1219,"href":"https:\/\/tehlikedekidiller.com\/index.php?rest_route=\/wp\/v2\/pages\/1171\/revisions\/1219"}],"wp:attachment":[{"href":"https:\/\/tehlikedekidiller.com\/index.php?rest_route=%2Fwp%2Fv2%2Fmedia&parent=1171"}],"curies":[{"name":"wp","href":"https:\/\/api.w.org\/{rel}","templated":true}]}}