{"id":1161,"date":"2012-12-12T20:30:46","date_gmt":"2012-12-12T18:30:46","guid":{"rendered":"http:\/\/tehlikedekidiller.com\/?page_id=1161"},"modified":"2012-12-12T20:30:46","modified_gmt":"2012-12-12T18:30:46","slug":"dunyanin-catisinda-unutulanlar-ve-matthieu-paley","status":"publish","type":"page","link":"https:\/\/tehlikedekidiller.com\/?page_id=1161","title":{"rendered":"D\u00fcnyan\u0131n \u00c7at\u0131s\u0131nda Unutulanlar ve Matthieu Paley"},"content":{"rendered":"<div class=\"frame alignleft\"><img loading=\"lazy\" decoding=\"async\" width=\"516\" height=\"232\" class=\"alignleft  wp-image-512\" title=\"reservation-img1\" src=\"https:\/\/tehlikedekidiller.com\/wp-content\/uploads\/2011\/07\/reservation-img1.jpg\" alt=\"\" srcset=\"https:\/\/tehlikedekidiller.com\/wp-content\/uploads\/2011\/07\/reservation-img1.jpg 516w, https:\/\/tehlikedekidiller.com\/wp-content\/uploads\/2011\/07\/reservation-img1-300x134.jpg 300w\" sizes=\"auto, (max-width: 516px) 100vw, 516px\" \/><\/div><!-- .frame (end) -->\n<p>&nbsp;<\/p>\n<p><img loading=\"lazy\" decoding=\"async\" width=\"333\" height=\"254\" class=\" wp-image-1001 alignleft\" style=\"line-height: 24px; font-size: 16px;\" title=\"y1\" src=\"https:\/\/tehlikedekidiller.com\/wp-content\/uploads\/y1.jpg\" alt=\"\" srcset=\"https:\/\/tehlikedekidiller.com\/wp-content\/uploads\/y1.jpg 333w, https:\/\/tehlikedekidiller.com\/wp-content\/uploads\/y1-300x228.jpg 300w\" sizes=\"auto, (max-width: 333px) 100vw, 333px\" \/><\/p>\n<p style=\"text-align: justify;\"><span style=\"text-align: justify;\">Afganl\u0131lar\u0131n, \u201cDa\u011flar o kadar y\u00fcksek ki ku\u015flar bile t\u0131rmanarak \u00fczerinden ge\u00e7mek zorunda kal\u0131yor.\u201d diye s\u00f6z ettikleri, D\u00fcnya\u2019dan \u00e7ok, Ay\u2019\u0131n y\u00fczeyine benzetilen bir co\u011frafyada ya\u015fayan Pamir K\u0131rg\u0131zlar\u0131, d\u00fcnyan\u0131n \u00e7ok farkl\u0131 co\u011frafyalar\u0131na \u00fcnl\u00fc Frans\u0131z foto\u011fraf sanat\u00e7\u0131s\u0131 Matthieu Paley\u2019in profesyonel objektifinden akseden ola\u011fan\u00fcst\u00fc foto\u011fraflarla tan\u0131t\u0131l\u0131yor.<\/span><\/p>\n<p style=\"text-align: justify;\">Paley, 2000, 2008 ve 2011 y\u0131llar\u0131nda, aralar\u0131nda ya\u015fad\u0131\u011f\u0131 Pamir K\u0131rg\u0131zlar\u0131n\u0131n zorlu ya\u015fam ko\u015fullar\u0131n\u0131 s\u0131k\u00e7a vurgulayan ve d\u00fcnyan\u0131n di\u011fer b\u00f6lgelerinde ya\u015fayanlara \u201cBu sene k\u0131\u015f \u00e7ok so\u011fuk ge\u00e7ti.\u201d diye dert yanmadan \u00f6nce durup d\u00fc\u015f\u00fcnmelerini \u00f6\u011f\u00fctleyen ve D\u00fcnyan\u0131n \u00c7at\u0131s\u0131nda Unutulanlar\u2019\u0131 hat\u0131rlatmaya \u00e7al\u0131\u015fan bir sanat\u00e7\u0131. K\u0131\u015f mevsiminin y\u0131l\u0131n yar\u0131s\u0131ndan fazla h\u00fck\u00fcm s\u00fcrd\u00fc\u011f\u00fc, s\u0131cakl\u0131\u011f\u0131n -40 \u00b0C\u2019nin alt\u0131na d\u00fc\u015ft\u00fc\u011f\u00fc, gri ve beyaz\u0131n h\u00e2kim oldu\u011fu Pamir zirvelerindeki tek ya\u015fam belirtisi, K\u0131rg\u0131z kad\u0131nlar\u0131n parlak pembe-k\u0131rm\u0131z\u0131 renkli k\u0131yafetleri, Paley\u2019e g\u00f6re. Bunu da foto\u011fraflar\u0131 ile \u00e7arp\u0131c\u0131 bi\u00e7imde belgeliyor. Bundan ba\u015fka sanat\u00e7\u0131n\u0131n objektifinden bir renk daha yans\u0131yor: Yanaklar\u0131n so\u011fuktan mora ka\u00e7an k\u0131rm\u0131z\u0131s\u0131\u2026<\/p>\n<p style=\"text-align: justify;\"><img loading=\"lazy\" decoding=\"async\" width=\"272\" height=\"183\" class=\"alignleft  wp-image-1002\" title=\"y2\" src=\"https:\/\/tehlikedekidiller.com\/wp-content\/uploads\/y2.jpg\" alt=\"\" \/>Afganistan\u2019\u0131n Wakhan koridorundaki B\u00fcy\u00fck ve K\u00fc\u00e7\u00fck Pamir b\u00f6lgelerinde ya\u015fayan ve o b\u00f6lgeye atfen \u2018Pamir K\u0131rg\u0131zlar\u0131\u2019 olarak adland\u0131r\u0131lan K\u0131rg\u0131zlar, g\u00fcn\u00fcm\u00fczde yakla\u015f\u0131k 1,000 ki\u015fiye d\u00fc\u015fen n\u00fcfusu ile hem ya\u015fam hem de bu yolla g\u00fcnden g\u00fcne yok olmaya do\u011fru s\u00fcr\u00fcklenen dil ve k\u00fclt\u00fcrlerini koruma m\u00fccadelesi veriyorlar. Zaman zaman bu koruma i\u00e7g\u00fcd\u00fcs\u00fc ile topraklar\u0131ndan uzakla\u015fmay\u0131 bile g\u00f6ze alabiliyorlar. 1982 y\u0131l\u0131nda T\u00fcrkiye\u2019ye g\u00f6\u00e7 eden ve Van\u2019da ya\u015fayan Ulupamir K\u0131rg\u0131zlar\u0131 gibi.<\/p>\n<p style=\"text-align: justify;\"><strong>Eri\u015fim:<\/strong> http:\/\/www.paleyphoto.com\/<\/p>\n<p style=\"text-align: left;\" align=\"center\">\n","protected":false},"excerpt":{"rendered":"<p>&nbsp; Afganl\u0131lar\u0131n, \u201cDa\u011flar o kadar y\u00fcksek ki ku\u015flar bile t\u0131rmanarak \u00fczerinden ge\u00e7mek zorunda kal\u0131yor.\u201d diye s\u00f6z ettikleri, D\u00fcnya\u2019dan \u00e7ok, Ay\u2019\u0131n y\u00fczeyine benzetilen bir co\u011frafyada ya\u015fayan Pamir K\u0131rg\u0131zlar\u0131, d\u00fcnyan\u0131n \u00e7ok farkl\u0131 co\u011frafyalar\u0131na \u00fcnl\u00fc Frans\u0131z foto\u011fraf sanat\u00e7\u0131s\u0131 Matthieu Paley\u2019in profesyonel objektifinden akseden ola\u011fan\u00fcst\u00fc foto\u011fraflarla tan\u0131t\u0131l\u0131yor. Paley, 2000, 2008 ve 2011 y\u0131llar\u0131nda, aralar\u0131nda ya\u015fad\u0131\u011f\u0131 Pamir K\u0131rg\u0131zlar\u0131n\u0131n zorlu ya\u015fam ko\u015fullar\u0131n\u0131 s\u0131k\u00e7a vurgulayan ve d\u00fcnyan\u0131n di\u011fer b\u00f6lgelerinde ya\u015fayanlara \u201cBu sene k\u0131\u015f \u00e7ok so\u011fuk ge\u00e7ti.\u201d diye dert yanmadan \u00f6nce durup d\u00fc\u015f\u00fcnmelerini \u00f6\u011f\u00fctleyen ve D\u00fcnyan\u0131n \u00c7at\u0131s\u0131nda Unutulanlar\u2019\u0131 hat\u0131rlatmaya \u00e7al\u0131\u015fan bir sanat\u00e7\u0131. K\u0131\u015f mevsiminin y\u0131l\u0131n yar\u0131s\u0131ndan fazla h\u00fck\u00fcm s\u00fcrd\u00fc\u011f\u00fc, s\u0131cakl\u0131\u011f\u0131n -40 \u00b0C\u2019nin alt\u0131na d\u00fc\u015ft\u00fc\u011f\u00fc, gri ve beyaz\u0131n h\u00e2kim&nbsp;<a href=\"https:\/\/tehlikedekidiller.com\/?page_id=1161\" class=\"read-more\">Okumaya devam et<\/a><\/p>\n","protected":false},"author":1,"featured_media":0,"parent":0,"menu_order":0,"comment_status":"open","ping_status":"open","template":"","meta":{"footnotes":""},"class_list":["post-1161","page","type-page","status-publish","hentry"],"_links":{"self":[{"href":"https:\/\/tehlikedekidiller.com\/index.php?rest_route=\/wp\/v2\/pages\/1161","targetHints":{"allow":["GET"]}}],"collection":[{"href":"https:\/\/tehlikedekidiller.com\/index.php?rest_route=\/wp\/v2\/pages"}],"about":[{"href":"https:\/\/tehlikedekidiller.com\/index.php?rest_route=\/wp\/v2\/types\/page"}],"author":[{"embeddable":true,"href":"https:\/\/tehlikedekidiller.com\/index.php?rest_route=\/wp\/v2\/users\/1"}],"replies":[{"embeddable":true,"href":"https:\/\/tehlikedekidiller.com\/index.php?rest_route=%2Fwp%2Fv2%2Fcomments&post=1161"}],"version-history":[{"count":1,"href":"https:\/\/tehlikedekidiller.com\/index.php?rest_route=\/wp\/v2\/pages\/1161\/revisions"}],"predecessor-version":[{"id":1162,"href":"https:\/\/tehlikedekidiller.com\/index.php?rest_route=\/wp\/v2\/pages\/1161\/revisions\/1162"}],"wp:attachment":[{"href":"https:\/\/tehlikedekidiller.com\/index.php?rest_route=%2Fwp%2Fv2%2Fmedia&parent=1161"}],"curies":[{"name":"wp","href":"https:\/\/api.w.org\/{rel}","templated":true}]}}