{"id":1150,"date":"2012-12-12T20:20:33","date_gmt":"2012-12-12T18:20:33","guid":{"rendered":"http:\/\/tehlikedekidiller.com\/?page_id=1150"},"modified":"2012-12-12T20:56:18","modified_gmt":"2012-12-12T18:56:18","slug":"tehlikedeki-turk-dilleri-projesi-kazakistan-buyukelciliginde","status":"publish","type":"page","link":"https:\/\/tehlikedekidiller.com\/?page_id=1150","title":{"rendered":"Tehl\u0130kedek\u0130 T\u00fcrk D\u0130ller\u0130 Projes\u0130 Kazak\u0130stan B\u00fcy\u00fckel\u00e7\u0130l\u0130\u011f\u0130\u2019nde"},"content":{"rendered":"<p><img loading=\"lazy\" decoding=\"async\" class=\"aligncenter size-full wp-image-1186\" title=\"haberler6\" src=\"https:\/\/tehlikedekidiller.com\/wp-content\/uploads\/haberler6.jpg\" alt=\"\" width=\"500\" height=\"375\" srcset=\"https:\/\/tehlikedekidiller.com\/wp-content\/uploads\/haberler6.jpg 500w, https:\/\/tehlikedekidiller.com\/wp-content\/uploads\/haberler6-300x225.jpg 300w\" sizes=\"auto, (max-width: 500px) 100vw, 500px\" \/><\/p>\n<p>\u201cTehlikedeki T\u00fcrk Dilleri Projesi\u201d, proje y\u00fcr\u00fct\u00fcc\u00fcleri Do\u00e7. Dr. S\u00fcer Eker ve Prof. Dr. \u00dclk\u00fc \u00c7elik \u015eavk taraf\u0131ndan Kas\u0131m 2012\u2019de Kazakistan Cumhuriyeti Ankara B\u00fcy\u00fckel\u00e7ili\u011fi\u2019nde bir sunumla tan\u0131t\u0131ld\u0131. Haz\u0131rl\u0131k \u00e7al\u0131\u015fmalar\u0131 iki y\u0131l s\u00fcrm\u00fc\u015f olan bu proje, yakla\u015f\u0131k iki aydan bu yana <a href=\"https:\/\/tehlikedekidiller.com\/\">www.tehlikedekidiller.com<\/a> adresinden T\u00fcrk kamuoyu ile payla\u015f\u0131lmakta, k\u0131sa bir s\u00fcre sonra yay\u0131m\u0131na ba\u015flanacak \u0130ngilizce aray\u00fcz\u00fc sayesinde de d\u00fcnya kamuoyu ile payla\u015f\u0131lacakt\u0131r.<\/p>\n<p>Kendisi de bir T\u00fcrkolog olan Kazakistan B\u00fcy\u00fckel\u00e7isi Prof. Dr. Canseyit T\u00fcymebayev, bir s\u00fcre Kazakistan Devlet \u00dcniversitesi Filoloji Fak\u00fcltesi\u2019nde \u00f6\u011fretim g\u00f6revlisi ve do\u00e7ent olarak \u00e7al\u0131\u015fm\u0131\u015f, daha sonra b\u00fcrokrat olarak Kazakistan D\u0131\u015fi\u015fleri Bakanl\u0131\u011f\u0131\u2019nda genel m\u00fcd\u00fcrl\u00fck, \u00e7e\u015fitli \u00fclkelerde b\u00fcy\u00fckel\u00e7ilik ba\u015f katipli\u011fi, ba\u015fkonsolosluk, b\u00fcy\u00fckel\u00e7ilik, cumhurba\u015fkanl\u0131k dan\u0131\u015fmanl\u0131\u011f\u0131 gibi g\u00f6revlerden sonra 2007-2010 aras\u0131nda Kazakistan E\u011fitim ve Bilim Bakan\u0131 olmu\u015ftur. Bakanl\u0131k g\u00f6revini s\u00fcrd\u00fcrd\u00fc\u011f\u00fc 2008 y\u0131l\u0131nda bug\u00fcn merkezi Astana\u2019da bulunan T\u00fcrk Akademisi\u2019nin kurulmas\u0131na da \u00f6nc\u00fcl\u00fck etmi\u015ftir. 2010 Ekim ay\u0131 itibar\u0131yla da Kazakistan Cumhuriyeti Ankara B\u00fcy\u00fckel\u00e7ili\u011fi g\u00f6revini s\u00fcrd\u00fcrmektedir.<\/p>\n<p>Tehlikedeki T\u00fcrk Dilleri Projesi\u2019ni tan\u0131t\u0131m\u0131na ba\u015flamadan \u00f6nce proje y\u00fcr\u00fct\u00fcc\u00fcleri taraf\u0131ndan kendisine sunulan \u00e7e\u015fitli yay\u0131nlar\u0131 inceleyen Sn. T\u00fcymebayev, T\u00fcrkiye\u2019de s\u00fcrd\u00fcr\u00fclen T\u00fcrkoloji \u00e7al\u0131\u015fmalar\u0131 hakk\u0131ndaki g\u00f6r\u00fc\u015flerini payla\u015fm\u0131\u015f, Bat\u0131 \u00fclkelerinde ve Rusya\u2019da yap\u0131lan \u00e7al\u0131\u015fmalar \u00fczerinde de durmu\u015ftur.<\/p>\n<p>Tehlikedeki diller konusunu \u00e7ok \u00f6nemli buldu\u011funu belirten B\u00fcy\u00fckel\u00e7i, projeyi dikkatle incelemi\u015f, \u00e7e\u015fitli soru ve yorumlar\u0131 ile de ileride daha da geli\u015ftirilmesi y\u00f6n\u00fcnde katk\u0131 sa\u011flam\u0131\u015ft\u0131r. \u00d6zellikle \u015fu an yaln\u0131zca T\u00fcrk\u00e7e ve \u0130ngilizce yay\u0131mlanmas\u0131 planlanan \u201cTehlikedeki T\u00fcrk Dilleri Elkitab\u0131\u201dn\u0131n mutlaka Rus dilinde de yay\u0131mlanmas\u0131 gerekti\u011fine dikkat \u00e7ekmi\u015ftir.<\/p>\n<p>Yakla\u015f\u0131k bir bu\u00e7uk saat s\u00fcren proje tan\u0131t\u0131m toplant\u0131s\u0131, verimli ve projenin gelece\u011fi i\u00e7in y\u00fcreklendirici bir bi\u00e7imde ge\u00e7mi\u015ftir. Tehlikedeki T\u00fcrk Dilleri Projesi\u2019ni tan\u0131tma f\u0131rsat\u0131 verdi\u011fi i\u00e7in Say\u0131n B\u00fcy\u00fckel\u00e7iye buradan tekrar te\u015fekk\u00fcr eder, katk\u0131lar\u0131 i\u00e7in de \u015f\u00fckranlar\u0131m\u0131z\u0131 sunar\u0131z.<\/p>\n<p><strong>\u00dclk\u00fc \u00c7elik \u015eavk-S\u00fcer Eker<\/strong><\/p>\n<p>&nbsp;<\/p>\n","protected":false},"excerpt":{"rendered":"<p>\u201cTehlikedeki T\u00fcrk Dilleri Projesi\u201d, proje y\u00fcr\u00fct\u00fcc\u00fcleri Do\u00e7. Dr. S\u00fcer Eker ve Prof. Dr. \u00dclk\u00fc \u00c7elik \u015eavk taraf\u0131ndan Kas\u0131m 2012\u2019de Kazakistan Cumhuriyeti Ankara B\u00fcy\u00fckel\u00e7ili\u011fi\u2019nde bir sunumla tan\u0131t\u0131ld\u0131. Haz\u0131rl\u0131k \u00e7al\u0131\u015fmalar\u0131 iki y\u0131l s\u00fcrm\u00fc\u015f olan bu proje, yakla\u015f\u0131k iki aydan bu yana www.tehlikedekidiller.com adresinden T\u00fcrk kamuoyu ile payla\u015f\u0131lmakta, k\u0131sa bir s\u00fcre sonra yay\u0131m\u0131na ba\u015flanacak \u0130ngilizce aray\u00fcz\u00fc sayesinde de d\u00fcnya kamuoyu ile payla\u015f\u0131lacakt\u0131r. Kendisi de bir T\u00fcrkolog olan Kazakistan B\u00fcy\u00fckel\u00e7isi Prof. Dr. Canseyit T\u00fcymebayev, bir s\u00fcre Kazakistan Devlet \u00dcniversitesi Filoloji Fak\u00fcltesi\u2019nde \u00f6\u011fretim g\u00f6revlisi ve do\u00e7ent olarak \u00e7al\u0131\u015fm\u0131\u015f, daha sonra b\u00fcrokrat olarak Kazakistan D\u0131\u015fi\u015fleri Bakanl\u0131\u011f\u0131\u2019nda genel m\u00fcd\u00fcrl\u00fck, \u00e7e\u015fitli \u00fclkelerde b\u00fcy\u00fckel\u00e7ilik ba\u015f katipli\u011fi, ba\u015fkonsolosluk, b\u00fcy\u00fckel\u00e7ilik, cumhurba\u015fkanl\u0131k&nbsp;<a href=\"https:\/\/tehlikedekidiller.com\/?page_id=1150\" class=\"read-more\">Okumaya devam et<\/a><\/p>\n","protected":false},"author":1,"featured_media":0,"parent":0,"menu_order":0,"comment_status":"open","ping_status":"open","template":"","meta":{"footnotes":""},"class_list":["post-1150","page","type-page","status-publish","hentry"],"_links":{"self":[{"href":"https:\/\/tehlikedekidiller.com\/index.php?rest_route=\/wp\/v2\/pages\/1150","targetHints":{"allow":["GET"]}}],"collection":[{"href":"https:\/\/tehlikedekidiller.com\/index.php?rest_route=\/wp\/v2\/pages"}],"about":[{"href":"https:\/\/tehlikedekidiller.com\/index.php?rest_route=\/wp\/v2\/types\/page"}],"author":[{"embeddable":true,"href":"https:\/\/tehlikedekidiller.com\/index.php?rest_route=\/wp\/v2\/users\/1"}],"replies":[{"embeddable":true,"href":"https:\/\/tehlikedekidiller.com\/index.php?rest_route=%2Fwp%2Fv2%2Fcomments&post=1150"}],"version-history":[{"count":3,"href":"https:\/\/tehlikedekidiller.com\/index.php?rest_route=\/wp\/v2\/pages\/1150\/revisions"}],"predecessor-version":[{"id":1187,"href":"https:\/\/tehlikedekidiller.com\/index.php?rest_route=\/wp\/v2\/pages\/1150\/revisions\/1187"}],"wp:attachment":[{"href":"https:\/\/tehlikedekidiller.com\/index.php?rest_route=%2Fwp%2Fv2%2Fmedia&parent=1150"}],"curies":[{"name":"wp","href":"https:\/\/api.w.org\/{rel}","templated":true}]}}