{"id":1144,"date":"2012-12-12T20:14:09","date_gmt":"2012-12-12T18:14:09","guid":{"rendered":"http:\/\/tehlikedekidiller.com\/?page_id=1144"},"modified":"2012-12-12T20:50:44","modified_gmt":"2012-12-12T18:50:44","slug":"baskurtlar-ve-nogaylar-uzerine-konferans","status":"publish","type":"page","link":"https:\/\/tehlikedekidiller.com\/?page_id=1144","title":{"rendered":"Ba\u015fkurtlar ve Nogaylar \u00dczer\u0130ne Konferans"},"content":{"rendered":"<p style=\"text-align: center;\"><strong>Hazal Elmal\u0131, Dilara Erdem<\/strong><\/p>\n<p style=\"text-align: center;\"><img loading=\"lazy\" decoding=\"async\" class=\"size-full wp-image-1136 aligncenter\" title=\"haberler1\" src=\"https:\/\/tehlikedekidiller.com\/wp-content\/uploads\/haberler1.png\" alt=\"\" width=\"224\" height=\"125\" \/><img loading=\"lazy\" decoding=\"async\" class=\"size-full wp-image-1140 aligncenter\" title=\"haberler2\" src=\"https:\/\/tehlikedekidiller.com\/wp-content\/uploads\/haberler2.gif\" alt=\"\" width=\"188\" height=\"125\" \/><\/p>\n<p style=\"text-align: justify;\">Ba\u015fkent \u00dcniversitesi T\u00fcrk Dili ve Edebiyat\u0131 b\u00f6l\u00fcm\u00fc 4. s\u0131n\u0131f \u00f6\u011frencilerinden Hazal Elmal\u0131 ve Dilara Erdem\u2019in Do\u00e7. Dr. S\u00fcer EKER rehberli\u011finde, 8 May\u0131s 2012 tarihinde \u201cK\u0131p\u00e7ak Grubu Dil Ailesi\u201d kapsam\u0131nda Nogay ve Ba\u015fkurt T\u00fcrk\u00e7eleri hakk\u0131nda \u00f6\u011frencilere y\u00f6nelik olarak d\u00fczenledi\u011fi s\u00f6yle\u015fiye Uluslararas\u0131 T\u00fcrk K\u00fclt\u00fcr Te\u015fkilat\u0131 (T\u00dcRKSOY) Ba\u015fkurdistan temsilcisi Ahat Salihov ve Nogay T\u00fcrkleri Derne\u011fi Ba\u015fkan\u0131 Sami Nogay konu\u015fmac\u0131 olarak kat\u0131lm\u0131\u015flard\u0131r.<\/p>\n<div id=\"attachment_1137\" style=\"width: 310px\" class=\"wp-caption alignright\"><img loading=\"lazy\" decoding=\"async\" aria-describedby=\"caption-attachment-1137\" class=\"size-medium wp-image-1137\" title=\"haberler3\" src=\"https:\/\/tehlikedekidiller.com\/wp-content\/uploads\/haberler3-300x225.jpg\" alt=\"Ulusal Ba\u015fkurt Kahraman\u0131: Salaut Yulaev\" width=\"300\" height=\"225\" srcset=\"https:\/\/tehlikedekidiller.com\/wp-content\/uploads\/haberler3-300x225.jpg 300w, https:\/\/tehlikedekidiller.com\/wp-content\/uploads\/haberler3.jpg 500w\" sizes=\"auto, (max-width: 300px) 100vw, 300px\" \/><p id=\"caption-attachment-1137\" class=\"wp-caption-text\">Ulusal Ba\u015fkurt Kahraman\u0131: Salaut Yulaev<\/p><\/div>\n<p style=\"text-align: justify;\">S\u00f6yle\u015finin ilk b\u00f6l\u00fcm\u00fcnde Hazal Elmal\u0131 ve Dilara Erdem, K\u0131p\u00e7ak dili co\u011frafyas\u0131 hakk\u0131nda haz\u0131rlad\u0131klar\u0131 sunumu kat\u0131l\u0131mc\u0131larla payla\u015fm\u0131\u015f sonras\u0131nda ise s\u00f6z\u00fc konu\u015fmac\u0131lardan Sami Nogay\u2019a b\u0131rakm\u0131\u015ft\u0131r. Bu b\u00f6l\u00fcmde Sami Nogay, Nogay T\u00fcrklerinin tarihi, k\u00fclt\u00fcr\u00fc hakk\u0131nda bilgi vermi\u015f ve kat\u0131l\u0131mc\u0131lar\u0131n sorular\u0131n\u0131 cevaplam\u0131\u015ft\u0131r.<\/p>\n<p style=\"text-align: justify;\">Son b\u00f6l\u00fcmde konu\u015fmac\u0131m\u0131z Ahat Salihov, Ba\u015fkurt\u00e7a ve T\u00fcrkiye T\u00fcrk\u00e7esi aras\u0131ndaki benzerliklerden ve farkl\u0131l\u0131klardan bahsederek konu\u015fmas\u0131na ba\u015flam\u0131\u015ft\u0131r. Ba\u015fkurtlar\u0131n tarihini, ya\u015fay\u0131\u015f bi\u00e7imlerini, bug\u00fcn nerede ya\u015fad\u0131klar\u0131n\u0131, g\u00fcn\u00fcm\u00fczde ne kadar konu\u015furu kald\u0131\u011f\u0131n\u0131 g\u00f6rsellerle ve istatistiklerle destekleyerek Ba\u015fkurtlar hakk\u0131nda genel bir bilgi vermi\u015ftir. Salihov, yan\u0131nda getirmi\u015f oldu\u011fu geleneksel Ba\u015fkurt k\u0131yafetlerinin kat\u0131l\u0131mc\u0131lar\u0131n denemelerine m\u00fcsaade etmi\u015ftir.<\/p>\n<div id=\"attachment_1139\" style=\"width: 310px\" class=\"wp-caption alignleft\"><img loading=\"lazy\" decoding=\"async\" aria-describedby=\"caption-attachment-1139\" class=\"size-medium wp-image-1139\" title=\"haberler4\" src=\"https:\/\/tehlikedekidiller.com\/wp-content\/uploads\/haberler4-300x223.jpg\" alt=\"\" width=\"300\" height=\"223\" srcset=\"https:\/\/tehlikedekidiller.com\/wp-content\/uploads\/haberler4-300x223.jpg 300w, https:\/\/tehlikedekidiller.com\/wp-content\/uploads\/haberler4.jpg 500w\" sizes=\"auto, (max-width: 300px) 100vw, 300px\" \/><p id=\"caption-attachment-1139\" class=\"wp-caption-text\">Hazal Elmal\u0131, Serdar Ba\u015futku, Ba\u015fkent \u00dcniversitesi Fen-Edebiyat Fak\u00fcltesi Dekan\u0131 Prof. Dr. Rahmi Ya\u011fbasan, Sami Nogay, Do\u00e7. Dr. S\u00fcer Eker, Ahat Salihov, Dilara Erdem<\/p><\/div>\n<p style=\"text-align: justify;\">Ba\u015fkent \u00dcniversitesi T\u00fcrk Dili ve Edebiyat\u0131 b\u00f6l\u00fcm\u00fc 4. s\u0131n\u0131f \u00f6\u011frencilerinden \u015e\u00fckran Sedef \u00c7evik, Ahat Salihov\u2019a bir s\u00fcrpriz olmak s\u00f6yle\u015finin sonunda Ba\u015fkurt\u00e7a \u201cUral\u0131m\u201d adl\u0131 \u015fark\u0131y\u0131 seslendirmi\u015ftir. \u015e\u00fckran Sedef \u00c7evik\u2019in seslendirdi\u011fi \u015fark\u0131, Ahat Salihov taraf\u0131ndan Ba\u015fkurt Devlet radyosuna ula\u015ft\u0131r\u0131lm\u0131\u015f ve Ba\u015fkurt devlet radyosu Ba\u015fkent \u00dcniversitesindeki bu etkinlikle ilgili haberin yan\u0131 s\u0131ra \u201cUral\u0131m\u201d adl\u0131 \u015fark\u0131y\u0131 yay\u0131mlam\u0131\u015ft\u0131r.<\/p>\n<p style=\"text-align: justify;\">Rusya Federasyonu birle\u015fiminde ya\u015fayan Ba\u015fkurtlar\u0131n dili, Ba\u015fkurt\u00e7a tehlikedeki dillerden say\u0131lmaktad\u0131r. Ahat Salihov\u2019a g\u00f6re, sadece ailelerin kendi i\u00e7lerinde Ba\u015fkurt\u00e7a konu\u015fmas\u0131 bu dilin ya\u015famas\u0131 i\u00e7in yeterli de\u011fildir.<\/p>\n<div id=\"attachment_1138\" style=\"width: 310px\" class=\"wp-caption alignleft\"><img loading=\"lazy\" decoding=\"async\" aria-describedby=\"caption-attachment-1138\" class=\"size-medium wp-image-1138\" title=\"haberler5\" src=\"https:\/\/tehlikedekidiller.com\/wp-content\/uploads\/haberler5-300x220.jpg\" alt=\"Geleneksel Ba\u015fkurt K\u0131yafetleri \u0130le Dilara Erdem ve Hazal Elmal\u0131\" width=\"300\" height=\"220\" srcset=\"https:\/\/tehlikedekidiller.com\/wp-content\/uploads\/haberler5-300x220.jpg 300w, https:\/\/tehlikedekidiller.com\/wp-content\/uploads\/haberler5.jpg 500w\" sizes=\"auto, (max-width: 300px) 100vw, 300px\" \/><p id=\"caption-attachment-1138\" class=\"wp-caption-text\">Geleneksel Ba\u015fkurt K\u0131yafetleri \u0130le Dilara Erdem ve Hazal Elmal\u0131<\/p><\/div>\n","protected":false},"excerpt":{"rendered":"<p>Hazal Elmal\u0131, Dilara Erdem Ba\u015fkent \u00dcniversitesi T\u00fcrk Dili ve Edebiyat\u0131 b\u00f6l\u00fcm\u00fc 4. s\u0131n\u0131f \u00f6\u011frencilerinden Hazal Elmal\u0131 ve Dilara Erdem\u2019in Do\u00e7. Dr. S\u00fcer EKER rehberli\u011finde, 8 May\u0131s 2012 tarihinde \u201cK\u0131p\u00e7ak Grubu Dil Ailesi\u201d kapsam\u0131nda Nogay ve Ba\u015fkurt T\u00fcrk\u00e7eleri hakk\u0131nda \u00f6\u011frencilere y\u00f6nelik olarak d\u00fczenledi\u011fi s\u00f6yle\u015fiye Uluslararas\u0131 T\u00fcrk K\u00fclt\u00fcr Te\u015fkilat\u0131 (T\u00dcRKSOY) Ba\u015fkurdistan temsilcisi Ahat Salihov ve Nogay T\u00fcrkleri Derne\u011fi Ba\u015fkan\u0131 Sami Nogay konu\u015fmac\u0131 olarak kat\u0131lm\u0131\u015flard\u0131r. S\u00f6yle\u015finin ilk b\u00f6l\u00fcm\u00fcnde Hazal Elmal\u0131 ve Dilara Erdem, K\u0131p\u00e7ak dili co\u011frafyas\u0131 hakk\u0131nda haz\u0131rlad\u0131klar\u0131 sunumu kat\u0131l\u0131mc\u0131larla payla\u015fm\u0131\u015f sonras\u0131nda ise s\u00f6z\u00fc konu\u015fmac\u0131lardan Sami Nogay\u2019a b\u0131rakm\u0131\u015ft\u0131r. Bu b\u00f6l\u00fcmde Sami Nogay, Nogay T\u00fcrklerinin tarihi, k\u00fclt\u00fcr\u00fc hakk\u0131nda bilgi vermi\u015f ve kat\u0131l\u0131mc\u0131lar\u0131n sorular\u0131n\u0131 cevaplam\u0131\u015ft\u0131r.&nbsp;<a href=\"https:\/\/tehlikedekidiller.com\/?page_id=1144\" class=\"read-more\">Okumaya devam et<\/a><\/p>\n","protected":false},"author":1,"featured_media":0,"parent":0,"menu_order":0,"comment_status":"open","ping_status":"open","template":"","meta":{"footnotes":""},"class_list":["post-1144","page","type-page","status-publish","hentry"],"_links":{"self":[{"href":"https:\/\/tehlikedekidiller.com\/index.php?rest_route=\/wp\/v2\/pages\/1144","targetHints":{"allow":["GET"]}}],"collection":[{"href":"https:\/\/tehlikedekidiller.com\/index.php?rest_route=\/wp\/v2\/pages"}],"about":[{"href":"https:\/\/tehlikedekidiller.com\/index.php?rest_route=\/wp\/v2\/types\/page"}],"author":[{"embeddable":true,"href":"https:\/\/tehlikedekidiller.com\/index.php?rest_route=\/wp\/v2\/users\/1"}],"replies":[{"embeddable":true,"href":"https:\/\/tehlikedekidiller.com\/index.php?rest_route=%2Fwp%2Fv2%2Fcomments&post=1144"}],"version-history":[{"count":5,"href":"https:\/\/tehlikedekidiller.com\/index.php?rest_route=\/wp\/v2\/pages\/1144\/revisions"}],"predecessor-version":[{"id":1149,"href":"https:\/\/tehlikedekidiller.com\/index.php?rest_route=\/wp\/v2\/pages\/1144\/revisions\/1149"}],"wp:attachment":[{"href":"https:\/\/tehlikedekidiller.com\/index.php?rest_route=%2Fwp%2Fv2%2Fmedia&parent=1144"}],"curies":[{"name":"wp","href":"https:\/\/api.w.org\/{rel}","templated":true}]}}